{"id":5367,"date":"2023-10-30T09:11:46","date_gmt":"2023-10-30T09:11:46","guid":{"rendered":"https:\/\/sinvea.viberdm.com\/global\/?page_id=5367"},"modified":"2023-10-30T09:14:30","modified_gmt":"2023-10-30T09:14:30","slug":"comite-de-politicas-publicas-globales-gppc","status":"publish","type":"page","link":"https:\/\/sinvea.viberdm.com\/global\/comite-de-politicas-publicas-globales-gppc\/","title":{"rendered":"Comit\u00e9 de Pol\u00edticas P\u00fablicas Globales (GPPC)"},"content":{"rendered":"\t\t<div data-elementor-type=\"wp-page\" data-elementor-id=\"5367\" class=\"elementor elementor-5367\" data-elementor-post-type=\"page\">\n\t\t\t\t\t\t<section class=\"elementor-section elementor-top-section elementor-element elementor-element-cf6ccff elementor-section-height-min-height elementor-section-boxed elementor-section-height-default elementor-section-items-middle\" data-id=\"cf6ccff\" data-element_type=\"section\" data-e-type=\"section\" data-settings=\"{&quot;background_background&quot;:&quot;classic&quot;}\">\n\t\t\t\t\t\t<div class=\"elementor-container elementor-column-gap-default\">\n\t\t\t\t\t<div class=\"elementor-column elementor-col-100 elementor-top-column elementor-element elementor-element-c4b1950\" data-id=\"c4b1950\" data-element_type=\"column\" data-e-type=\"column\">\n\t\t\t<div class=\"elementor-widget-wrap elementor-element-populated\">\n\t\t\t\t\t\t<div class=\"elementor-element elementor-element-af45894 elementor-widget elementor-widget-heading\" data-id=\"af45894\" data-element_type=\"widget\" data-e-type=\"widget\" data-widget_type=\"heading.default\">\n\t\t\t\t<div class=\"elementor-widget-container\">\n\t\t\t\t\t<h1 class=\"elementor-heading-title elementor-size-default\">Comit\u00e9 de Pol\u00edticas P\u00fablicas Globales (GPPC)<\/h1>\t\t\t\t<\/div>\n\t\t\t\t<\/div>\n\t\t\t\t\t<\/div>\n\t\t<\/div>\n\t\t\t\t\t<\/div>\n\t\t<\/section>\n\t\t<div class=\"elementor-element elementor-element-1ef1d8b e-flex e-con-boxed e-con e-parent\" data-id=\"1ef1d8b\" data-element_type=\"container\" data-e-type=\"container\">\n\t\t\t\t\t<div class=\"e-con-inner\">\n\t\t<div class=\"elementor-element elementor-element-1ef3afd e-con-full e-flex e-con e-child\" data-id=\"1ef3afd\" data-element_type=\"container\" data-e-type=\"container\">\n\t\t\t\t<div class=\"elementor-element elementor-element-ca6da59 elementor-widget elementor-widget-heading\" data-id=\"ca6da59\" data-element_type=\"widget\" data-e-type=\"widget\" data-widget_type=\"heading.default\">\n\t\t\t\t<div class=\"elementor-widget-container\">\n\t\t\t\t\t<h2 class=\"elementor-heading-title elementor-size-default\">Rol y objetivo<\/h2>\t\t\t\t<\/div>\n\t\t\t\t<\/div>\n\t\t\t\t<div class=\"elementor-element elementor-element-4a1caf3 elementor-widget elementor-widget-text-editor\" data-id=\"4a1caf3\" data-element_type=\"widget\" data-e-type=\"widget\" data-widget_type=\"text-editor.default\">\n\t\t\t\t<div class=\"elementor-widget-container\">\n\t\t\t\t\t\t\t\t\t<p>Lorem ipsum dolor sit amet, consectetur adipiscing elit. Ut elit tellus, luctus nec ullamcorper mattis, pulvinar dapibus leo. Lorem ipsum dolor sit amet, consectetur adipiscing elit. Ut elit tellus, luctus nec ullamcorper mattis, pulvinar dapibus leo. Lorem ipsum dolor sit amet, consectetur adipiscing elit. Ut elit tellus, luctus nec ullamcorper mattis, pulvinar dapibus leo. Lorem ipsum dolor sit amet, consectetur adipiscing elit. Ut elit tellus, luctus nec ullamcorper mattis, pulvinar dapibus leo.<\/p>\t\t\t\t\t\t\t\t<\/div>\n\t\t\t\t<\/div>\n\t\t\t\t<div class=\"elementor-element elementor-element-b05fe26 elementor-widget elementor-widget-heading\" data-id=\"b05fe26\" data-element_type=\"widget\" data-e-type=\"widget\" data-widget_type=\"heading.default\">\n\t\t\t\t<div class=\"elementor-widget-container\">\n\t\t\t\t\t<h2 class=\"elementor-heading-title elementor-size-default\">La GPPC tambi\u00e9n sirve como foro para la comunicaci\u00f3n y el di\u00e1logo constructivo con una serie de partes interesadas y organismos reguladores globales, tales como:<\/h2>\t\t\t\t<\/div>\n\t\t\t\t<\/div>\n\t\t\t\t<div class=\"elementor-element elementor-element-1a8effc elementor-icon-list--layout-traditional elementor-list-item-link-full_width elementor-invisible elementor-widget elementor-widget-icon-list\" data-id=\"1a8effc\" data-element_type=\"widget\" data-e-type=\"widget\" data-settings=\"{&quot;_animation&quot;:&quot;zoomIn&quot;}\" data-widget_type=\"icon-list.default\">\n\t\t\t\t<div class=\"elementor-widget-container\">\n\t\t\t\t\t\t\t<ul class=\"elementor-icon-list-items\">\n\t\t\t\t\t\t\t<li class=\"elementor-icon-list-item\">\n\t\t\t\t\t\t\t\t\t\t\t<span class=\"elementor-icon-list-icon\">\n\t\t\t\t\t\t\t<i aria-hidden=\"true\" class=\"far fa-dot-circle\"><\/i>\t\t\t\t\t\t<\/span>\n\t\t\t\t\t\t\t\t\t\t<span class=\"elementor-icon-list-text\">Lorem ipsum dolor sit amet the old con ectetur<\/span>\n\t\t\t\t\t\t\t\t\t<\/li>\n\t\t\t\t\t\t\t\t<li class=\"elementor-icon-list-item\">\n\t\t\t\t\t\t\t\t\t\t\t<span class=\"elementor-icon-list-icon\">\n\t\t\t\t\t\t\t<i aria-hidden=\"true\" class=\"far fa-dot-circle\"><\/i>\t\t\t\t\t\t<\/span>\n\t\t\t\t\t\t\t\t\t\t<span class=\"elementor-icon-list-text\">Lorem ipsum dolor sit amet the old con ectetur<\/span>\n\t\t\t\t\t\t\t\t\t<\/li>\n\t\t\t\t\t\t\t\t<li class=\"elementor-icon-list-item\">\n\t\t\t\t\t\t\t\t\t\t\t<span class=\"elementor-icon-list-icon\">\n\t\t\t\t\t\t\t<i aria-hidden=\"true\" class=\"far fa-dot-circle\"><\/i>\t\t\t\t\t\t<\/span>\n\t\t\t\t\t\t\t\t\t\t<span class=\"elementor-icon-list-text\">Lorem ipsum dolor sit amet the old con ectetur<\/span>\n\t\t\t\t\t\t\t\t\t<\/li>\n\t\t\t\t\t\t\t\t<li class=\"elementor-icon-list-item\">\n\t\t\t\t\t\t\t\t\t\t\t<span class=\"elementor-icon-list-icon\">\n\t\t\t\t\t\t\t<i aria-hidden=\"true\" class=\"far fa-dot-circle\"><\/i>\t\t\t\t\t\t<\/span>\n\t\t\t\t\t\t\t\t\t\t<span class=\"elementor-icon-list-text\">Lorem ipsum dolor sit amet the old con ectetur<\/span>\n\t\t\t\t\t\t\t\t\t<\/li>\n\t\t\t\t\t\t\t\t<li class=\"elementor-icon-list-item\">\n\t\t\t\t\t\t\t\t\t\t\t<span class=\"elementor-icon-list-icon\">\n\t\t\t\t\t\t\t<i aria-hidden=\"true\" class=\"far fa-dot-circle\"><\/i>\t\t\t\t\t\t<\/span>\n\t\t\t\t\t\t\t\t\t\t<span class=\"elementor-icon-list-text\">Lorem ipsum dolor sit amet the old con ectetur<\/span>\n\t\t\t\t\t\t\t\t\t<\/li>\n\t\t\t\t\t\t\t\t<li class=\"elementor-icon-list-item\">\n\t\t\t\t\t\t\t\t\t\t\t<span class=\"elementor-icon-list-icon\">\n\t\t\t\t\t\t\t<i aria-hidden=\"true\" class=\"far fa-dot-circle\"><\/i>\t\t\t\t\t\t<\/span>\n\t\t\t\t\t\t\t\t\t\t<span class=\"elementor-icon-list-text\">Lorem ipsum dolor sit amet the old con ectetur<\/span>\n\t\t\t\t\t\t\t\t\t<\/li>\n\t\t\t\t\t\t\t\t<li class=\"elementor-icon-list-item\">\n\t\t\t\t\t\t\t\t\t\t\t<span class=\"elementor-icon-list-icon\">\n\t\t\t\t\t\t\t<i aria-hidden=\"true\" class=\"far fa-dot-circle\"><\/i>\t\t\t\t\t\t<\/span>\n\t\t\t\t\t\t\t\t\t\t<span class=\"elementor-icon-list-text\">Lorem ipsum dolor sit amet the old con ectetur<\/span>\n\t\t\t\t\t\t\t\t\t<\/li>\n\t\t\t\t\t\t\t\t<li class=\"elementor-icon-list-item\">\n\t\t\t\t\t\t\t\t\t\t\t<span class=\"elementor-icon-list-icon\">\n\t\t\t\t\t\t\t<i aria-hidden=\"true\" class=\"far fa-dot-circle\"><\/i>\t\t\t\t\t\t<\/span>\n\t\t\t\t\t\t\t\t\t\t<span class=\"elementor-icon-list-text\">Lorem ipsum dolor sit amet the old con ectetur<\/span>\n\t\t\t\t\t\t\t\t\t<\/li>\n\t\t\t\t\t\t\t\t<li class=\"elementor-icon-list-item\">\n\t\t\t\t\t\t\t\t\t\t\t<span class=\"elementor-icon-list-icon\">\n\t\t\t\t\t\t\t<i aria-hidden=\"true\" class=\"far fa-dot-circle\"><\/i>\t\t\t\t\t\t<\/span>\n\t\t\t\t\t\t\t\t\t\t<span class=\"elementor-icon-list-text\">Lorem ipsum dolor sit amet the old con ectetur<\/span>\n\t\t\t\t\t\t\t\t\t<\/li>\n\t\t\t\t\t\t<\/ul>\n\t\t\t\t\t\t<\/div>\n\t\t\t\t<\/div>\n\t\t\t\t<div class=\"elementor-element elementor-element-5614950 elementor-widget elementor-widget-heading\" data-id=\"5614950\" data-element_type=\"widget\" data-e-type=\"widget\" data-widget_type=\"heading.default\">\n\t\t\t\t<div class=\"elementor-widget-container\">\n\t\t\t\t\t<h2 class=\"elementor-heading-title elementor-size-default\">Afiliaci\u00f3n<\/h2>\t\t\t\t<\/div>\n\t\t\t\t<\/div>\n\t\t\t\t<div class=\"elementor-element elementor-element-707e43b elementor-widget elementor-widget-text-editor\" data-id=\"707e43b\" data-element_type=\"widget\" data-e-type=\"widget\" data-widget_type=\"text-editor.default\">\n\t\t\t\t<div class=\"elementor-widget-container\">\n\t\t\t\t\t\t\t\t\t<p>Lorem ipsum dolor sit amet, consectetur adipiscing elit. Ut elit tellus, luctus nec ullamcorper mattis, pulvinar dapibus leo. Lorem ipsum dolor sit amet, consectetur adipiscing elit. Ut elit tellus, luctus nec ullamcorper mattis, pulvinar dapibus leo. Lorem ipsum dolor sit amet, consectetur adipiscing elit. Ut elit tellus, luctus nec ullamcorper mattis, pulvinar dapibus leo. Lorem ipsum dolor sit amet, consectetur adipiscing elit. Ut elit tellus, luctus nec ullamcorper mattis, pulvinar dapibus leo.<\/p><p>Lorem ipsum dolor sit amet, consectetur adipiscing elit. Ut elit tellus, luctus nec ullamcorper mattis, pulvinar dapibus leo. Lorem ipsum dolor sit amet, consectetur adipiscing elit. Ut elit tellus, luctus nec ullamcorper mattis, pulvinar dapibus leo. Lorem ipsum dolor sit amet, consectetur adipiscing elit. Ut elit tellus, luctus nec ullamcorper mattis, pulvinar dapibus leo. Lorem ipsum dolor sit amet, consectetur adipiscing elit. Ut elit tellus, luctus nec ullamcorper mattis, pulvinar dapibus leo.<\/p>\t\t\t\t\t\t\t\t<\/div>\n\t\t\t\t<\/div>\n\t\t\t\t<\/div>\n\t\t\t\t\t<\/div>\n\t\t\t\t<\/div>\n\t\t\t\t<\/div>\n\t\t","protected":false},"excerpt":{"rendered":"<p>Comit\u00e9 de Pol\u00edticas P\u00fablicas Globales (GPPC) Rol y objetivo Lorem ipsum dolor sit amet, consectetur adipiscing elit. Ut elit tellus, luctus nec ullamcorper mattis, pulvinar dapibus leo. Lorem ipsum dolor sit amet, consectetur adipiscing elit. Ut elit tellus, luctus nec ullamcorper mattis, pulvinar dapibus leo. Lorem ipsum dolor sit amet, consectetur adipiscing elit. Ut elit [&hellip;]<\/p>\n","protected":false},"author":2,"featured_media":0,"parent":0,"menu_order":0,"comment_status":"closed","ping_status":"closed","template":"elementor_header_footer","meta":{"footnotes":""},"class_list":["post-5367","page","type-page","status-publish","hentry"],"yoast_head":"<!-- This site is optimized with the Yoast SEO plugin v21.5 - https:\/\/yoast.com\/wordpress\/plugins\/seo\/ -->\n<title>Comit\u00e9 de Pol\u00edticas P\u00fablicas Globales (GPPC) - SINVEA<\/title>\n<meta name=\"robots\" content=\"noindex, follow, max-snippet:-1, max-image-preview:large, max-video-preview:-1\" \/>\n<meta property=\"og:locale\" content=\"en_US\" \/>\n<meta property=\"og:type\" content=\"article\" \/>\n<meta property=\"og:title\" content=\"Comit\u00e9 de Pol\u00edticas P\u00fablicas Globales (GPPC) - SINVEA\" \/>\n<meta property=\"og:description\" content=\"Comit\u00e9 de Pol\u00edticas P\u00fablicas Globales (GPPC) Rol y objetivo Lorem ipsum dolor sit amet, consectetur adipiscing elit. Ut elit tellus, luctus nec ullamcorper mattis, pulvinar dapibus leo. Lorem ipsum dolor sit amet, consectetur adipiscing elit. Ut elit tellus, luctus nec ullamcorper mattis, pulvinar dapibus leo. Lorem ipsum dolor sit amet, consectetur adipiscing elit. Ut elit [&hellip;]\" \/>\n<meta property=\"og:url\" content=\"https:\/\/sinvea.viberdm.com\/global\/comite-de-politicas-publicas-globales-gppc\/\" \/>\n<meta property=\"og:site_name\" content=\"SINVEA\" \/>\n<meta property=\"article:modified_time\" content=\"2023-10-30T09:14:30+00:00\" \/>\n<meta name=\"twitter:card\" content=\"summary_large_image\" \/>\n<meta name=\"twitter:label1\" content=\"Est. reading time\" \/>\n\t<meta name=\"twitter:data1\" content=\"2 minutes\" \/>\n<script type=\"application\/ld+json\" class=\"yoast-schema-graph\">{\"@context\":\"https:\/\/schema.org\",\"@graph\":[{\"@type\":\"WebPage\",\"@id\":\"https:\/\/sinvea.viberdm.com\/global\/comite-de-politicas-publicas-globales-gppc\/\",\"url\":\"https:\/\/sinvea.viberdm.com\/global\/comite-de-politicas-publicas-globales-gppc\/\",\"name\":\"Comit\u00e9 de Pol\u00edticas P\u00fablicas Globales (GPPC) - SINVEA\",\"isPartOf\":{\"@id\":\"https:\/\/sinvea.viberdm.com\/global\/#website\"},\"datePublished\":\"2023-10-30T09:11:46+00:00\",\"dateModified\":\"2023-10-30T09:14:30+00:00\",\"breadcrumb\":{\"@id\":\"https:\/\/sinvea.viberdm.com\/global\/comite-de-politicas-publicas-globales-gppc\/#breadcrumb\"},\"inLanguage\":\"en-US\",\"potentialAction\":[{\"@type\":\"ReadAction\",\"target\":[\"https:\/\/sinvea.viberdm.com\/global\/comite-de-politicas-publicas-globales-gppc\/\"]}]},{\"@type\":\"BreadcrumbList\",\"@id\":\"https:\/\/sinvea.viberdm.com\/global\/comite-de-politicas-publicas-globales-gppc\/#breadcrumb\",\"itemListElement\":[{\"@type\":\"ListItem\",\"position\":1,\"name\":\"Home\",\"item\":\"https:\/\/sinvea.viberdm.com\/global\/\"},{\"@type\":\"ListItem\",\"position\":2,\"name\":\"Comit\u00e9 de Pol\u00edticas P\u00fablicas Globales (GPPC)\"}]},{\"@type\":\"WebSite\",\"@id\":\"https:\/\/sinvea.viberdm.com\/global\/#website\",\"url\":\"https:\/\/sinvea.viberdm.com\/global\/\",\"name\":\"SINVEA\",\"description\":\"SINVEA International\",\"publisher\":{\"@id\":\"https:\/\/sinvea.viberdm.com\/global\/#organization\"},\"potentialAction\":[{\"@type\":\"SearchAction\",\"target\":{\"@type\":\"EntryPoint\",\"urlTemplate\":\"https:\/\/sinvea.viberdm.com\/global\/?s={search_term_string}\"},\"query-input\":\"required name=search_term_string\"}],\"inLanguage\":\"en-US\"},{\"@type\":\"Organization\",\"@id\":\"https:\/\/sinvea.viberdm.com\/global\/#organization\",\"name\":\"SINVEA\",\"url\":\"https:\/\/sinvea.viberdm.com\/global\/\",\"logo\":{\"@type\":\"ImageObject\",\"inLanguage\":\"en-US\",\"@id\":\"https:\/\/sinvea.viberdm.com\/global\/#\/schema\/logo\/image\/\",\"url\":\"https:\/\/sinvea.viberdm.com\/global\/wp-content\/uploads\/2023\/10\/s-logo.jpg\",\"contentUrl\":\"https:\/\/sinvea.viberdm.com\/global\/wp-content\/uploads\/2023\/10\/s-logo.jpg\",\"width\":301,\"height\":73,\"caption\":\"SINVEA\"},\"image\":{\"@id\":\"https:\/\/sinvea.viberdm.com\/global\/#\/schema\/logo\/image\/\"}}]}<\/script>\n<!-- \/ Yoast SEO plugin. -->","yoast_head_json":{"title":"Comit\u00e9 de Pol\u00edticas P\u00fablicas Globales (GPPC) - SINVEA","robots":{"index":"noindex","follow":"follow","max-snippet":"max-snippet:-1","max-image-preview":"max-image-preview:large","max-video-preview":"max-video-preview:-1"},"og_locale":"en_US","og_type":"article","og_title":"Comit\u00e9 de Pol\u00edticas P\u00fablicas Globales (GPPC) - SINVEA","og_description":"Comit\u00e9 de Pol\u00edticas P\u00fablicas Globales (GPPC) Rol y objetivo Lorem ipsum dolor sit amet, consectetur adipiscing elit. Ut elit tellus, luctus nec ullamcorper mattis, pulvinar dapibus leo. Lorem ipsum dolor sit amet, consectetur adipiscing elit. Ut elit tellus, luctus nec ullamcorper mattis, pulvinar dapibus leo. Lorem ipsum dolor sit amet, consectetur adipiscing elit. Ut elit [&hellip;]","og_url":"https:\/\/sinvea.viberdm.com\/global\/comite-de-politicas-publicas-globales-gppc\/","og_site_name":"SINVEA","article_modified_time":"2023-10-30T09:14:30+00:00","twitter_card":"summary_large_image","twitter_misc":{"Est. reading time":"2 minutes"},"schema":{"@context":"https:\/\/schema.org","@graph":[{"@type":"WebPage","@id":"https:\/\/sinvea.viberdm.com\/global\/comite-de-politicas-publicas-globales-gppc\/","url":"https:\/\/sinvea.viberdm.com\/global\/comite-de-politicas-publicas-globales-gppc\/","name":"Comit\u00e9 de Pol\u00edticas P\u00fablicas Globales (GPPC) - SINVEA","isPartOf":{"@id":"https:\/\/sinvea.viberdm.com\/global\/#website"},"datePublished":"2023-10-30T09:11:46+00:00","dateModified":"2023-10-30T09:14:30+00:00","breadcrumb":{"@id":"https:\/\/sinvea.viberdm.com\/global\/comite-de-politicas-publicas-globales-gppc\/#breadcrumb"},"inLanguage":"en-US","potentialAction":[{"@type":"ReadAction","target":["https:\/\/sinvea.viberdm.com\/global\/comite-de-politicas-publicas-globales-gppc\/"]}]},{"@type":"BreadcrumbList","@id":"https:\/\/sinvea.viberdm.com\/global\/comite-de-politicas-publicas-globales-gppc\/#breadcrumb","itemListElement":[{"@type":"ListItem","position":1,"name":"Home","item":"https:\/\/sinvea.viberdm.com\/global\/"},{"@type":"ListItem","position":2,"name":"Comit\u00e9 de Pol\u00edticas P\u00fablicas Globales (GPPC)"}]},{"@type":"WebSite","@id":"https:\/\/sinvea.viberdm.com\/global\/#website","url":"https:\/\/sinvea.viberdm.com\/global\/","name":"SINVEA","description":"SINVEA International","publisher":{"@id":"https:\/\/sinvea.viberdm.com\/global\/#organization"},"potentialAction":[{"@type":"SearchAction","target":{"@type":"EntryPoint","urlTemplate":"https:\/\/sinvea.viberdm.com\/global\/?s={search_term_string}"},"query-input":"required name=search_term_string"}],"inLanguage":"en-US"},{"@type":"Organization","@id":"https:\/\/sinvea.viberdm.com\/global\/#organization","name":"SINVEA","url":"https:\/\/sinvea.viberdm.com\/global\/","logo":{"@type":"ImageObject","inLanguage":"en-US","@id":"https:\/\/sinvea.viberdm.com\/global\/#\/schema\/logo\/image\/","url":"https:\/\/sinvea.viberdm.com\/global\/wp-content\/uploads\/2023\/10\/s-logo.jpg","contentUrl":"https:\/\/sinvea.viberdm.com\/global\/wp-content\/uploads\/2023\/10\/s-logo.jpg","width":301,"height":73,"caption":"SINVEA"},"image":{"@id":"https:\/\/sinvea.viberdm.com\/global\/#\/schema\/logo\/image\/"}}]}},"_links":{"self":[{"href":"https:\/\/sinvea.viberdm.com\/global\/wp-json\/wp\/v2\/pages\/5367","targetHints":{"allow":["GET"]}}],"collection":[{"href":"https:\/\/sinvea.viberdm.com\/global\/wp-json\/wp\/v2\/pages"}],"about":[{"href":"https:\/\/sinvea.viberdm.com\/global\/wp-json\/wp\/v2\/types\/page"}],"author":[{"embeddable":true,"href":"https:\/\/sinvea.viberdm.com\/global\/wp-json\/wp\/v2\/users\/2"}],"replies":[{"embeddable":true,"href":"https:\/\/sinvea.viberdm.com\/global\/wp-json\/wp\/v2\/comments?post=5367"}],"version-history":[{"count":4,"href":"https:\/\/sinvea.viberdm.com\/global\/wp-json\/wp\/v2\/pages\/5367\/revisions"}],"predecessor-version":[{"id":5371,"href":"https:\/\/sinvea.viberdm.com\/global\/wp-json\/wp\/v2\/pages\/5367\/revisions\/5371"}],"wp:attachment":[{"href":"https:\/\/sinvea.viberdm.com\/global\/wp-json\/wp\/v2\/media?parent=5367"}],"curies":[{"name":"wp","href":"https:\/\/api.w.org\/{rel}","templated":true}]}}