{"id":5144,"date":"2023-10-28T23:38:47","date_gmt":"2023-10-28T23:38:47","guid":{"rendered":"https:\/\/sinvea.viberdm.com\/global\/?page_id=5144"},"modified":"2023-11-02T04:25:53","modified_gmt":"2023-11-02T04:25:53","slug":"impuesto-sobre-servicios-financieros","status":"publish","type":"page","link":"https:\/\/sinvea.viberdm.com\/global\/impuesto-sobre-servicios-financieros\/","title":{"rendered":"Impuesto sobre servicios financieros"},"content":{"rendered":"\t\t<div data-elementor-type=\"wp-page\" data-elementor-id=\"5144\" class=\"elementor elementor-5144\" data-elementor-post-type=\"page\">\n\t\t\t\t\t\t<section class=\"elementor-section elementor-top-section elementor-element elementor-element-f859b6c elementor-section-height-min-height elementor-section-boxed elementor-section-height-default elementor-section-items-middle\" data-id=\"f859b6c\" data-element_type=\"section\" data-e-type=\"section\" data-settings=\"{&quot;background_background&quot;:&quot;classic&quot;}\">\n\t\t\t\t\t\t<div class=\"elementor-container elementor-column-gap-default\">\n\t\t\t\t\t<div class=\"elementor-column elementor-col-100 elementor-top-column elementor-element elementor-element-eb161b4\" data-id=\"eb161b4\" data-element_type=\"column\" data-e-type=\"column\">\n\t\t\t<div class=\"elementor-widget-wrap elementor-element-populated\">\n\t\t\t\t\t\t<div class=\"elementor-element elementor-element-305c8c4 elementor-widget elementor-widget-heading\" data-id=\"305c8c4\" data-element_type=\"widget\" data-e-type=\"widget\" data-widget_type=\"heading.default\">\n\t\t\t\t<div class=\"elementor-widget-container\">\n\t\t\t\t\t<h1 class=\"elementor-heading-title elementor-size-default\">Impuesto sobre servicios financieros<\/h1>\t\t\t\t<\/div>\n\t\t\t\t<\/div>\n\t\t\t\t\t<\/div>\n\t\t<\/div>\n\t\t\t\t\t<\/div>\n\t\t<\/section>\n\t\t<div class=\"elementor-element elementor-element-ba477b8 e-flex e-con-boxed e-con e-parent\" data-id=\"ba477b8\" data-element_type=\"container\" data-e-type=\"container\">\n\t\t\t\t\t<div class=\"e-con-inner\">\n\t\t<div class=\"elementor-element elementor-element-cfa7327 e-con-full e-flex e-con e-child\" data-id=\"cfa7327\" data-element_type=\"container\" data-e-type=\"container\">\n\t\t\t\t<div class=\"elementor-element elementor-element-ce4ca17 elementor-widget elementor-widget-heading\" data-id=\"ce4ca17\" data-element_type=\"widget\" data-e-type=\"widget\" data-widget_type=\"heading.default\">\n\t\t\t\t<div class=\"elementor-widget-container\">\n\t\t\t\t\t<h2 class=\"elementor-heading-title elementor-size-default\">Gestionar los riesgos, identificar las oportunidades.<\/h2>\t\t\t\t<\/div>\n\t\t\t\t<\/div>\n\t\t\t\t<div class=\"elementor-element elementor-element-6418c6c elementor-widget elementor-widget-text-editor\" data-id=\"6418c6c\" data-element_type=\"widget\" data-e-type=\"widget\" data-widget_type=\"text-editor.default\">\n\t\t\t\t<div class=\"elementor-widget-container\">\n\t\t\t\t\t\t\t\t\t<p>Lorem ipsum dolor sit amet, consectetur adipiscing elit. Ut elit tellus, luctus nec ullamcorper mattis, pulvinar dapibus leo. Lorem ipsum dolor sit amet, consectetur adipiscing elit. Ut elit tellus, luctus nec ullamcorper mattis, pulvinar dapibus leo. Lorem ipsum dolor sit amet, consectetur adipiscing elit. Ut elit tellus, luctus nec ullamcorper mattis, pulvinar dapibus leo. Lorem ipsum dolor sit amet, consectetur adipiscing elit. Ut elit tellus, luctus nec ullamcorper mattis, pulvinar dapibus leo.<\/p><p>Lorem ipsum dolor sit amet, consectetur adipiscing elit. Ut elit tellus, luctus nec ullamcorper mattis, pulvinar dapibus leo. Lorem ipsum dolor sit amet, consectetur adipiscing elit. Ut elit tellus, luctus nec ullamcorper mattis, pulvinar dapibus leo. Lorem ipsum dolor sit amet, consectetur adipiscing elit. Ut elit tellus, luctus nec ullamcorper mattis, pulvinar dapibus leo. Lorem ipsum dolor sit amet, consectetur adipiscing elit. Ut elit tellus, luctus nec ullamcorper mattis, pulvinar dapibus leo.<\/p><p>Lorem ipsum dolor sit amet, consectetur adipiscing elit. Ut elit tellus, luctus nec ullamcorper mattis, pulvinar dapibus leo. Lorem ipsum dolor sit amet, consectetur adipiscing elit. Ut elit tellus, luctus nec ullamcorper mattis, pulvinar dapibus leo. Lorem ipsum dolor sit amet, consectetur adipiscing elit. Ut elit tellus, luctus nec ullamcorper mattis, pulvinar dapibus leo. Lorem ipsum dolor sit amet, consectetur adipiscing elit. Ut elit tellus, luctus nec ullamcorper mattis, pulvinar dapibus leo.<\/p>\t\t\t\t\t\t\t\t<\/div>\n\t\t\t\t<\/div>\n\t\t\t\t<div class=\"elementor-element elementor-element-bbdaa09 elementor-widget elementor-widget-text-editor\" data-id=\"bbdaa09\" data-element_type=\"widget\" data-e-type=\"widget\" data-widget_type=\"text-editor.default\">\n\t\t\t\t<div class=\"elementor-widget-container\">\n\t\t\t\t\t\t\t\t\t<p><em><strong>C\u00f3mo ayudamos: Casi todos nuestros compromisos van m\u00e1s all\u00e1 de ofrecer puro asesoramiento financiero. Tambi\u00e9n ponemos a su disposici\u00f3n nuestra amplia experiencia en materia regulatoria, de gesti\u00f3n de riesgos, forense, actuarial y fiscal.<\/strong><\/em><\/p><p><em><strong>Aproximadamente una de cada dos consultas de asesoramiento es transfronteriza y se basa en nuestra red global de firmas miembro de Sinvea.<\/strong><\/em><\/p>\t\t\t\t\t\t\t\t<\/div>\n\t\t\t\t<\/div>\n\t\t\t\t<\/div>\n\t\t\t\t\t<\/div>\n\t\t\t\t<\/div>\n\t\t<div class=\"elementor-element elementor-element-9d7ae8f e-flex e-con-boxed e-con e-parent\" data-id=\"9d7ae8f\" data-element_type=\"container\" data-e-type=\"container\" data-settings=\"{&quot;background_background&quot;:&quot;classic&quot;}\">\n\t\t\t\t\t<div class=\"e-con-inner\">\n\t\t<div class=\"elementor-element elementor-element-a6fa042 e-flex e-con-boxed e-con e-child\" data-id=\"a6fa042\" data-element_type=\"container\" data-e-type=\"container\">\n\t\t\t\t\t<div class=\"e-con-inner\">\n\t\t\t\t<div class=\"elementor-element elementor-element-e96d0da elementor-widget elementor-widget-heading\" data-id=\"e96d0da\" data-element_type=\"widget\" data-e-type=\"widget\" data-widget_type=\"heading.default\">\n\t\t\t\t<div class=\"elementor-widget-container\">\n\t\t\t\t\t<h4 class=\"elementor-heading-title elementor-size-default\">Agregue el texto de su encabezado aqu\u00ed<\/h4>\t\t\t\t<\/div>\n\t\t\t\t<\/div>\n\t\t\t\t<div class=\"elementor-element elementor-element-de55d32 elementor-widget elementor-widget-heading\" data-id=\"de55d32\" data-element_type=\"widget\" data-e-type=\"widget\" data-widget_type=\"heading.default\">\n\t\t\t\t<div class=\"elementor-widget-container\">\n\t\t\t\t\t<h2 class=\"elementor-heading-title elementor-size-default\">\u00daltima publicaci\u00f3n<\/h2>\t\t\t\t<\/div>\n\t\t\t\t<\/div>\n\t\t\t\t<div class=\"elementor-element elementor-element-c69275e elementor-grid-3 elementor-grid-tablet-2 elementor-grid-mobile-1 elementor-posts--thumbnail-top elementor-widget elementor-widget-posts\" data-id=\"c69275e\" data-element_type=\"widget\" data-e-type=\"widget\" data-settings=\"{&quot;pagination_type&quot;:&quot;prev_next&quot;,&quot;classic_columns&quot;:&quot;3&quot;,&quot;classic_columns_tablet&quot;:&quot;2&quot;,&quot;classic_columns_mobile&quot;:&quot;1&quot;,&quot;classic_row_gap&quot;:{&quot;unit&quot;:&quot;px&quot;,&quot;size&quot;:35,&quot;sizes&quot;:[]},&quot;classic_row_gap_tablet&quot;:{&quot;unit&quot;:&quot;px&quot;,&quot;size&quot;:&quot;&quot;,&quot;sizes&quot;:[]},&quot;classic_row_gap_mobile&quot;:{&quot;unit&quot;:&quot;px&quot;,&quot;size&quot;:&quot;&quot;,&quot;sizes&quot;:[]}}\" data-widget_type=\"posts.classic\">\n\t\t\t\t<div class=\"elementor-widget-container\">\n\t\t\t\t\t\t\t<div class=\"elementor-posts-container elementor-posts elementor-posts--skin-classic elementor-grid\">\n\t\t\t\t<article class=\"elementor-post elementor-grid-item post-5940 post type-post status-publish format-standard has-post-thumbnail hentry category-case-studies-es\">\n\t\t\t\t<a class=\"elementor-post__thumbnail__link\" href=\"https:\/\/sinvea.viberdm.com\/global\/blog\/activando-su-viaje-hacia-la-sostenibilidad\/\" tabindex=\"-1\" >\n\t\t\t<div class=\"elementor-post__thumbnail\"><img decoding=\"async\" width=\"150\" height=\"150\" src=\"https:\/\/sinvea.viberdm.com\/global\/wp-content\/uploads\/2023\/07\/DALL\u00b7E-2023-03-26-15.37.29-make-a-video-of-rooter-draining-before-and-after-cleaning-1-8-80x80-1.jpg\" class=\"attachment-medium size-medium wp-image-9\" alt=\"\" \/><\/div>\n\t\t<\/a>\n\t\t\t\t<div class=\"elementor-post__text\">\n\t\t\t\t<h3 class=\"elementor-post__title\">\n\t\t\t<a href=\"https:\/\/sinvea.viberdm.com\/global\/blog\/activando-su-viaje-hacia-la-sostenibilidad\/\" >\n\t\t\t\tActivando su viaje hacia la sostenibilidad\t\t\t<\/a>\n\t\t<\/h3>\n\t\t\t\t<div class=\"elementor-post__meta-data\">\n\t\t\t\t\t<span class=\"elementor-post-date\">\n\t\t\tNovember 2, 2023\t\t<\/span>\n\t\t\t\t<\/div>\n\t\t\n\t\t<a class=\"elementor-post__read-more\" href=\"https:\/\/sinvea.viberdm.com\/global\/blog\/activando-su-viaje-hacia-la-sostenibilidad\/\" aria-label=\"Read more about Activando su viaje hacia la sostenibilidad\" tabindex=\"-1\" >\n\t\t\tLeer m\u00e1s \u00bb\t\t<\/a>\n\n\t\t\t\t<\/div>\n\t\t\t\t<\/article>\n\t\t\t\t<article class=\"elementor-post elementor-grid-item post-5900 post type-post status-publish format-standard has-post-thumbnail hentry category-case-studies-es\">\n\t\t\t\t<a class=\"elementor-post__thumbnail__link\" href=\"https:\/\/sinvea.viberdm.com\/global\/blog\/el-viaje-hacia-la-victoria-es-lo-mas-importante\/\" tabindex=\"-1\" >\n\t\t\t<div class=\"elementor-post__thumbnail\"><img fetchpriority=\"high\" decoding=\"async\" width=\"300\" height=\"286\" src=\"https:\/\/sinvea.viberdm.com\/global\/wp-content\/uploads\/2023\/10\/post-8-300x286.png\" class=\"attachment-medium size-medium wp-image-1718\" alt=\"\" srcset=\"https:\/\/sinvea.viberdm.com\/global\/wp-content\/uploads\/2023\/10\/post-8-300x286.png 300w, https:\/\/sinvea.viberdm.com\/global\/wp-content\/uploads\/2023\/10\/post-8.png 730w\" sizes=\"(max-width: 300px) 100vw, 300px\" \/><\/div>\n\t\t<\/a>\n\t\t\t\t<div class=\"elementor-post__text\">\n\t\t\t\t<h3 class=\"elementor-post__title\">\n\t\t\t<a href=\"https:\/\/sinvea.viberdm.com\/global\/blog\/el-viaje-hacia-la-victoria-es-lo-mas-importante\/\" >\n\t\t\t\tEl Viaje Hacia La Victoria con Finanzas Corporativas\t\t\t<\/a>\n\t\t<\/h3>\n\t\t\t\t<div class=\"elementor-post__meta-data\">\n\t\t\t\t\t<span class=\"elementor-post-date\">\n\t\t\tNovember 2, 2023\t\t<\/span>\n\t\t\t\t<\/div>\n\t\t\n\t\t<a class=\"elementor-post__read-more\" href=\"https:\/\/sinvea.viberdm.com\/global\/blog\/el-viaje-hacia-la-victoria-es-lo-mas-importante\/\" aria-label=\"Read more about El Viaje Hacia La Victoria con Finanzas Corporativas\" tabindex=\"-1\" >\n\t\t\tLeer m\u00e1s \u00bb\t\t<\/a>\n\n\t\t\t\t<\/div>\n\t\t\t\t<\/article>\n\t\t\t\t<article class=\"elementor-post elementor-grid-item post-5214 post type-post status-publish format-standard has-post-thumbnail hentry category-case-studies-es\">\n\t\t\t\t<a class=\"elementor-post__thumbnail__link\" href=\"https:\/\/sinvea.viberdm.com\/global\/blog\/como-puede-ayudar-sinvea\/\" tabindex=\"-1\" >\n\t\t\t<div class=\"elementor-post__thumbnail\"><img decoding=\"async\" width=\"300\" height=\"286\" src=\"https:\/\/sinvea.viberdm.com\/global\/wp-content\/uploads\/2019\/10\/post-7-300x286.png\" class=\"attachment-medium size-medium wp-image-78\" alt=\"\" srcset=\"https:\/\/sinvea.viberdm.com\/global\/wp-content\/uploads\/2019\/10\/post-7-300x286.png 300w, https:\/\/sinvea.viberdm.com\/global\/wp-content\/uploads\/2019\/10\/post-7.png 730w\" sizes=\"(max-width: 300px) 100vw, 300px\" \/><\/div>\n\t\t<\/a>\n\t\t\t\t<div class=\"elementor-post__text\">\n\t\t\t\t<h3 class=\"elementor-post__title\">\n\t\t\t<a href=\"https:\/\/sinvea.viberdm.com\/global\/blog\/como-puede-ayudar-sinvea\/\" >\n\t\t\t\tC\u00f3mo puede ayudar sinvea\t\t\t<\/a>\n\t\t<\/h3>\n\t\t\t\t<div class=\"elementor-post__meta-data\">\n\t\t\t\t\t<span class=\"elementor-post-date\">\n\t\t\tOctober 29, 2023\t\t<\/span>\n\t\t\t\t<\/div>\n\t\t\n\t\t<a class=\"elementor-post__read-more\" href=\"https:\/\/sinvea.viberdm.com\/global\/blog\/como-puede-ayudar-sinvea\/\" aria-label=\"Read more about C\u00f3mo puede ayudar sinvea\" tabindex=\"-1\" >\n\t\t\tLeer m\u00e1s \u00bb\t\t<\/a>\n\n\t\t\t\t<\/div>\n\t\t\t\t<\/article>\n\t\t\t\t<\/div>\n\t\t\n\t\t\t\t<div class=\"e-load-more-anchor\" data-page=\"1\" data-max-page=\"11\" data-next-page=\"https:\/\/sinvea.viberdm.com\/global\/wp-json\/wp\/v2\/pages\/5144\/page\/2\/\"><\/div>\n\t\t\t\t<nav class=\"elementor-pagination\" aria-label=\"Pagination\">\n\t\t\t<span class=\"page-numbers prev\">&laquo; Anterior<\/span>\n<a class=\"page-numbers next\" href=\"https:\/\/sinvea.viberdm.com\/global\/wp-json\/wp\/v2\/pages\/5144\/page\/2\/\">Siguiente &raquo;<\/a>\t\t<\/nav>\n\t\t\t\t\t\t<\/div>\n\t\t\t\t<\/div>\n\t\t\t\t\t<\/div>\n\t\t\t\t<\/div>\n\t\t\t\t\t<\/div>\n\t\t\t\t<\/div>\n\t\t<div class=\"elementor-element elementor-element-e3628d6 e-flex e-con-boxed e-con e-parent\" data-id=\"e3628d6\" data-element_type=\"container\" data-e-type=\"container\">\n\t\t\t\t\t<div class=\"e-con-inner\">\n\t\t<div class=\"elementor-element elementor-element-6ae1223 e-con-full e-flex e-con e-child\" data-id=\"6ae1223\" data-element_type=\"container\" data-e-type=\"container\">\n\t\t\t\t<div class=\"elementor-element elementor-element-8406aa1 elementor-widget elementor-widget-heading\" data-id=\"8406aa1\" data-element_type=\"widget\" data-e-type=\"widget\" data-widget_type=\"heading.default\">\n\t\t\t\t<div class=\"elementor-widget-container\">\n\t\t\t\t\t<h4 class=\"elementor-heading-title elementor-size-default\">Aprenda todo sobre nuestras abogados<\/h4>\t\t\t\t<\/div>\n\t\t\t\t<\/div>\n\t\t\t\t<div class=\"elementor-element elementor-element-807ceed elementor-widget elementor-widget-heading\" data-id=\"807ceed\" data-element_type=\"widget\" data-e-type=\"widget\" data-widget_type=\"heading.default\">\n\t\t\t\t<div class=\"elementor-widget-container\">\n\t\t\t\t\t<h2 class=\"elementor-heading-title elementor-size-default\">Conozca a los socios<\/h2>\t\t\t\t<\/div>\n\t\t\t\t<\/div>\n\t\t<div class=\"elementor-element elementor-element-fbfabdf e-con-full e-flex e-con e-child\" data-id=\"fbfabdf\" data-element_type=\"container\" data-e-type=\"container\">\n\t\t<div class=\"elementor-element elementor-element-75d6a41 e-con-full e-flex e-con e-child\" data-id=\"75d6a41\" data-element_type=\"container\" data-e-type=\"container\">\n\t\t\t\t<\/div>\n\t\t<div class=\"elementor-element elementor-element-576381b e-con-full e-flex e-con e-child\" data-id=\"576381b\" data-element_type=\"container\" data-e-type=\"container\">\n\t\t\t\t<div class=\"elementor-element elementor-element-aa28a91 elementor-widget elementor-widget-testimonial\" data-id=\"aa28a91\" data-element_type=\"widget\" data-e-type=\"widget\" data-widget_type=\"testimonial.default\">\n\t\t\t\t<div class=\"elementor-widget-container\">\n\t\t\t\t\t\t\t<div class=\"elementor-testimonial-wrapper\">\n\t\t\t\n\t\t\t\t\t\t<div class=\"elementor-testimonial-meta elementor-has-image elementor-testimonial-image-position-top\">\n\t\t\t\t<div class=\"elementor-testimonial-meta-inner\">\n\t\t\t\t\t\t\t\t\t\t\t<div class=\"elementor-testimonial-image\">\n\t\t\t\t\t\t\t<img loading=\"lazy\" decoding=\"async\" width=\"380\" height=\"450\" src=\"https:\/\/sinvea.viberdm.com\/global\/wp-content\/uploads\/2023\/10\/2.png\" class=\"attachment-full size-full wp-image-1712\" alt=\"\" srcset=\"https:\/\/sinvea.viberdm.com\/global\/wp-content\/uploads\/2023\/10\/2.png 380w, https:\/\/sinvea.viberdm.com\/global\/wp-content\/uploads\/2023\/10\/2-253x300.png 253w\" sizes=\"(max-width: 380px) 100vw, 380px\" \/>\t\t\t\t\t\t<\/div>\n\t\t\t\t\t\n\t\t\t\t\t\t\t\t\t\t<div class=\"elementor-testimonial-details\">\n\t\t\t\t\t\t\t\t\t\t\t\t\t\t<div class=\"elementor-testimonial-name\">Chas R. Walker<\/div>\n\t\t\t\t\t\t\t\t\t\t\t\t\t\t\t\t\t\t\t\t\t\t<div class=\"elementor-testimonial-job\">Centro de Excelencia en Impuestos Indirectos<\/div>\n\t\t\t\t\t\t\t\t\t\t\t\t\t<\/div>\n\t\t\t\t\t\t\t\t\t<\/div>\n\t\t\t<\/div>\n\t\t\t\t\t<\/div>\n\t\t\t\t\t\t<\/div>\n\t\t\t\t<\/div>\n\t\t\t\t<\/div>\n\t\t<div class=\"elementor-element elementor-element-bfbc4a8 e-con-full e-flex e-con e-child\" data-id=\"bfbc4a8\" data-element_type=\"container\" data-e-type=\"container\">\n\t\t\t\t<\/div>\n\t\t\t\t<\/div>\n\t\t\t\t<div class=\"elementor-element elementor-element-802e7d2 elementor-align-center elementor-widget elementor-widget-button\" data-id=\"802e7d2\" data-element_type=\"widget\" data-e-type=\"widget\" data-widget_type=\"button.default\">\n\t\t\t\t<div class=\"elementor-widget-container\">\n\t\t\t\t\t\t\t\t\t<div class=\"elementor-button-wrapper\">\n\t\t\t\t\t<a class=\"elementor-button elementor-button-link elementor-size-md\" href=\"https:\/\/sinvea.viberdm.com\/global\/equipo\/\">\n\t\t\t\t\t\t<span class=\"elementor-button-content-wrapper\">\n\t\t\t\t\t\t<span class=\"elementor-button-icon\">\n\t\t\t\t<i aria-hidden=\"true\" class=\"fas fa-long-arrow-alt-right\"><\/i>\t\t\t<\/span>\n\t\t\t\t\t\t\t\t\t<span class=\"elementor-button-text\">Aprende m\u00e1s<\/span>\n\t\t\t\t\t<\/span>\n\t\t\t\t\t<\/a>\n\t\t\t\t<\/div>\n\t\t\t\t\t\t\t\t<\/div>\n\t\t\t\t<\/div>\n\t\t\t\t<\/div>\n\t\t\t\t\t<\/div>\n\t\t\t\t<\/div>\n\t\t\t\t<\/div>\n\t\t","protected":false},"excerpt":{"rendered":"<p>Impuesto sobre servicios financieros Gestionar los riesgos, identificar las oportunidades. Lorem ipsum dolor sit amet, consectetur adipiscing elit. Ut elit tellus, luctus nec ullamcorper mattis,<\/p>\n","protected":false},"author":2,"featured_media":0,"parent":0,"menu_order":0,"comment_status":"closed","ping_status":"closed","template":"elementor_header_footer","meta":{"footnotes":""},"class_list":["post-5144","page","type-page","status-publish","hentry"],"yoast_head":"<!-- This site is optimized with the Yoast SEO plugin v21.5 - https:\/\/yoast.com\/wordpress\/plugins\/seo\/ -->\n<title>Impuesto sobre servicios financieros - SINVEA<\/title>\n<meta name=\"robots\" content=\"noindex, follow, max-snippet:-1, max-image-preview:large, max-video-preview:-1\" \/>\n<meta property=\"og:locale\" content=\"en_US\" \/>\n<meta property=\"og:type\" content=\"article\" \/>\n<meta property=\"og:title\" content=\"Impuesto sobre servicios financieros - SINVEA\" \/>\n<meta property=\"og:description\" content=\"Impuesto sobre servicios financieros Gestionar los riesgos, identificar las oportunidades. Lorem ipsum dolor sit amet, consectetur adipiscing elit. Ut elit tellus, luctus nec ullamcorper mattis,\" \/>\n<meta property=\"og:url\" content=\"https:\/\/sinvea.viberdm.com\/global\/impuesto-sobre-servicios-financieros\/\" \/>\n<meta property=\"og:site_name\" content=\"SINVEA\" \/>\n<meta property=\"article:modified_time\" content=\"2023-11-02T04:25:53+00:00\" \/>\n<meta property=\"og:image\" content=\"https:\/\/sinvea.viberdm.com\/global\/wp-content\/uploads\/2023\/10\/2.png\" \/>\n<meta name=\"twitter:card\" content=\"summary_large_image\" \/>\n<meta name=\"twitter:label1\" content=\"Est. reading time\" \/>\n\t<meta name=\"twitter:data1\" content=\"2 minutes\" \/>\n<script type=\"application\/ld+json\" class=\"yoast-schema-graph\">{\"@context\":\"https:\/\/schema.org\",\"@graph\":[{\"@type\":\"WebPage\",\"@id\":\"https:\/\/sinvea.viberdm.com\/global\/impuesto-sobre-servicios-financieros\/\",\"url\":\"https:\/\/sinvea.viberdm.com\/global\/impuesto-sobre-servicios-financieros\/\",\"name\":\"Impuesto sobre servicios financieros - SINVEA\",\"isPartOf\":{\"@id\":\"https:\/\/sinvea.viberdm.com\/global\/#website\"},\"datePublished\":\"2023-10-28T23:38:47+00:00\",\"dateModified\":\"2023-11-02T04:25:53+00:00\",\"breadcrumb\":{\"@id\":\"https:\/\/sinvea.viberdm.com\/global\/impuesto-sobre-servicios-financieros\/#breadcrumb\"},\"inLanguage\":\"en-US\",\"potentialAction\":[{\"@type\":\"ReadAction\",\"target\":[\"https:\/\/sinvea.viberdm.com\/global\/impuesto-sobre-servicios-financieros\/\"]}]},{\"@type\":\"BreadcrumbList\",\"@id\":\"https:\/\/sinvea.viberdm.com\/global\/impuesto-sobre-servicios-financieros\/#breadcrumb\",\"itemListElement\":[{\"@type\":\"ListItem\",\"position\":1,\"name\":\"Home\",\"item\":\"https:\/\/sinvea.viberdm.com\/global\/\"},{\"@type\":\"ListItem\",\"position\":2,\"name\":\"Impuesto sobre servicios financieros\"}]},{\"@type\":\"WebSite\",\"@id\":\"https:\/\/sinvea.viberdm.com\/global\/#website\",\"url\":\"https:\/\/sinvea.viberdm.com\/global\/\",\"name\":\"SINVEA\",\"description\":\"SINVEA International\",\"publisher\":{\"@id\":\"https:\/\/sinvea.viberdm.com\/global\/#organization\"},\"potentialAction\":[{\"@type\":\"SearchAction\",\"target\":{\"@type\":\"EntryPoint\",\"urlTemplate\":\"https:\/\/sinvea.viberdm.com\/global\/?s={search_term_string}\"},\"query-input\":\"required name=search_term_string\"}],\"inLanguage\":\"en-US\"},{\"@type\":\"Organization\",\"@id\":\"https:\/\/sinvea.viberdm.com\/global\/#organization\",\"name\":\"SINVEA\",\"url\":\"https:\/\/sinvea.viberdm.com\/global\/\",\"logo\":{\"@type\":\"ImageObject\",\"inLanguage\":\"en-US\",\"@id\":\"https:\/\/sinvea.viberdm.com\/global\/#\/schema\/logo\/image\/\",\"url\":\"https:\/\/sinvea.viberdm.com\/global\/wp-content\/uploads\/2023\/10\/s-logo.jpg\",\"contentUrl\":\"https:\/\/sinvea.viberdm.com\/global\/wp-content\/uploads\/2023\/10\/s-logo.jpg\",\"width\":301,\"height\":73,\"caption\":\"SINVEA\"},\"image\":{\"@id\":\"https:\/\/sinvea.viberdm.com\/global\/#\/schema\/logo\/image\/\"}}]}<\/script>\n<!-- \/ Yoast SEO plugin. -->","yoast_head_json":{"title":"Impuesto sobre servicios financieros - SINVEA","robots":{"index":"noindex","follow":"follow","max-snippet":"max-snippet:-1","max-image-preview":"max-image-preview:large","max-video-preview":"max-video-preview:-1"},"og_locale":"en_US","og_type":"article","og_title":"Impuesto sobre servicios financieros - SINVEA","og_description":"Impuesto sobre servicios financieros Gestionar los riesgos, identificar las oportunidades. Lorem ipsum dolor sit amet, consectetur adipiscing elit. Ut elit tellus, luctus nec ullamcorper mattis,","og_url":"https:\/\/sinvea.viberdm.com\/global\/impuesto-sobre-servicios-financieros\/","og_site_name":"SINVEA","article_modified_time":"2023-11-02T04:25:53+00:00","og_image":[{"url":"https:\/\/sinvea.viberdm.com\/global\/wp-content\/uploads\/2023\/10\/2.png"}],"twitter_card":"summary_large_image","twitter_misc":{"Est. reading time":"2 minutes"},"schema":{"@context":"https:\/\/schema.org","@graph":[{"@type":"WebPage","@id":"https:\/\/sinvea.viberdm.com\/global\/impuesto-sobre-servicios-financieros\/","url":"https:\/\/sinvea.viberdm.com\/global\/impuesto-sobre-servicios-financieros\/","name":"Impuesto sobre servicios financieros - SINVEA","isPartOf":{"@id":"https:\/\/sinvea.viberdm.com\/global\/#website"},"datePublished":"2023-10-28T23:38:47+00:00","dateModified":"2023-11-02T04:25:53+00:00","breadcrumb":{"@id":"https:\/\/sinvea.viberdm.com\/global\/impuesto-sobre-servicios-financieros\/#breadcrumb"},"inLanguage":"en-US","potentialAction":[{"@type":"ReadAction","target":["https:\/\/sinvea.viberdm.com\/global\/impuesto-sobre-servicios-financieros\/"]}]},{"@type":"BreadcrumbList","@id":"https:\/\/sinvea.viberdm.com\/global\/impuesto-sobre-servicios-financieros\/#breadcrumb","itemListElement":[{"@type":"ListItem","position":1,"name":"Home","item":"https:\/\/sinvea.viberdm.com\/global\/"},{"@type":"ListItem","position":2,"name":"Impuesto sobre servicios financieros"}]},{"@type":"WebSite","@id":"https:\/\/sinvea.viberdm.com\/global\/#website","url":"https:\/\/sinvea.viberdm.com\/global\/","name":"SINVEA","description":"SINVEA International","publisher":{"@id":"https:\/\/sinvea.viberdm.com\/global\/#organization"},"potentialAction":[{"@type":"SearchAction","target":{"@type":"EntryPoint","urlTemplate":"https:\/\/sinvea.viberdm.com\/global\/?s={search_term_string}"},"query-input":"required name=search_term_string"}],"inLanguage":"en-US"},{"@type":"Organization","@id":"https:\/\/sinvea.viberdm.com\/global\/#organization","name":"SINVEA","url":"https:\/\/sinvea.viberdm.com\/global\/","logo":{"@type":"ImageObject","inLanguage":"en-US","@id":"https:\/\/sinvea.viberdm.com\/global\/#\/schema\/logo\/image\/","url":"https:\/\/sinvea.viberdm.com\/global\/wp-content\/uploads\/2023\/10\/s-logo.jpg","contentUrl":"https:\/\/sinvea.viberdm.com\/global\/wp-content\/uploads\/2023\/10\/s-logo.jpg","width":301,"height":73,"caption":"SINVEA"},"image":{"@id":"https:\/\/sinvea.viberdm.com\/global\/#\/schema\/logo\/image\/"}}]}},"_links":{"self":[{"href":"https:\/\/sinvea.viberdm.com\/global\/wp-json\/wp\/v2\/pages\/5144","targetHints":{"allow":["GET"]}}],"collection":[{"href":"https:\/\/sinvea.viberdm.com\/global\/wp-json\/wp\/v2\/pages"}],"about":[{"href":"https:\/\/sinvea.viberdm.com\/global\/wp-json\/wp\/v2\/types\/page"}],"author":[{"embeddable":true,"href":"https:\/\/sinvea.viberdm.com\/global\/wp-json\/wp\/v2\/users\/2"}],"replies":[{"embeddable":true,"href":"https:\/\/sinvea.viberdm.com\/global\/wp-json\/wp\/v2\/comments?post=5144"}],"version-history":[{"count":13,"href":"https:\/\/sinvea.viberdm.com\/global\/wp-json\/wp\/v2\/pages\/5144\/revisions"}],"predecessor-version":[{"id":5899,"href":"https:\/\/sinvea.viberdm.com\/global\/wp-json\/wp\/v2\/pages\/5144\/revisions\/5899"}],"wp:attachment":[{"href":"https:\/\/sinvea.viberdm.com\/global\/wp-json\/wp\/v2\/media?parent=5144"}],"curies":[{"name":"wp","href":"https:\/\/api.w.org\/{rel}","templated":true}]}}