{"id":5073,"date":"2023-10-28T18:40:52","date_gmt":"2023-10-28T18:40:52","guid":{"rendered":"https:\/\/sinvea.viberdm.com\/global\/?page_id=5073"},"modified":"2023-11-01T11:11:06","modified_gmt":"2023-11-01T11:11:06","slug":"informes-financieros","status":"publish","type":"page","link":"https:\/\/sinvea.viberdm.com\/global\/informes-financieros\/","title":{"rendered":"Informes financieros"},"content":{"rendered":"\t\t<div data-elementor-type=\"wp-page\" data-elementor-id=\"5073\" class=\"elementor elementor-5073\" data-elementor-post-type=\"page\">\n\t\t\t\t\t\t<section class=\"elementor-section elementor-top-section elementor-element elementor-element-bdbeb93 elementor-section-height-min-height elementor-section-boxed elementor-section-height-default elementor-section-items-middle\" data-id=\"bdbeb93\" data-element_type=\"section\" data-e-type=\"section\" data-settings=\"{&quot;background_background&quot;:&quot;classic&quot;}\">\n\t\t\t\t\t\t<div class=\"elementor-container elementor-column-gap-default\">\n\t\t\t\t\t<div class=\"elementor-column elementor-col-100 elementor-top-column elementor-element elementor-element-c26e87d\" data-id=\"c26e87d\" data-element_type=\"column\" data-e-type=\"column\">\n\t\t\t<div class=\"elementor-widget-wrap elementor-element-populated\">\n\t\t\t\t\t\t<div class=\"elementor-element elementor-element-3ec7a08 elementor-widget elementor-widget-heading\" data-id=\"3ec7a08\" data-element_type=\"widget\" data-e-type=\"widget\" data-widget_type=\"heading.default\">\n\t\t\t\t<div class=\"elementor-widget-container\">\n\t\t\t\t\t<h1 class=\"elementor-heading-title elementor-size-default\">Informes financieros<\/h1>\t\t\t\t<\/div>\n\t\t\t\t<\/div>\n\t\t\t\t\t<\/div>\n\t\t<\/div>\n\t\t\t\t\t<\/div>\n\t\t<\/section>\n\t\t<div class=\"elementor-element elementor-element-1d462a5 e-flex e-con-boxed e-con e-parent\" data-id=\"1d462a5\" data-element_type=\"container\" data-e-type=\"container\">\n\t\t\t\t\t<div class=\"e-con-inner\">\n\t\t<div class=\"elementor-element elementor-element-209a0c6 e-con-full e-flex e-con e-child\" data-id=\"209a0c6\" data-element_type=\"container\" data-e-type=\"container\">\n\t\t\t\t<div class=\"elementor-element elementor-element-514072d elementor-widget elementor-widget-heading\" data-id=\"514072d\" data-element_type=\"widget\" data-e-type=\"widget\" data-widget_type=\"heading.default\">\n\t\t\t\t<div class=\"elementor-widget-container\">\n\t\t\t\t\t<h2 class=\"elementor-heading-title elementor-size-default\">\u00bfC\u00f3mo puede mantenerse al d\u00eda con los complejos requisitos de presentaci\u00f3n de informes?<\/h2>\t\t\t\t<\/div>\n\t\t\t\t<\/div>\n\t\t\t\t<div class=\"elementor-element elementor-element-bec6319 elementor-widget elementor-widget-text-editor\" data-id=\"bec6319\" data-element_type=\"widget\" data-e-type=\"widget\" data-widget_type=\"text-editor.default\">\n\t\t\t\t<div class=\"elementor-widget-container\">\n\t\t\t\t\t\t\t\t\tLorem ipsum dolor sit amet, consectetur adipiscing elit. Ut elit tellus, luctus nec ullamcorper mattis, pulvinar dapibus leo. Lorem ipsum dolor sit amet, consectetur adipiscing elit. Ut elit tellus, luctus nec ullamcorper mattis, pulvinar dapibus leo. Lorem ipsum dolor sit amet, consectetur adipiscing elit. Ut elit tellus, luctus nec ullamcorper mattis, pulvinar dapibus leo. Lorem ipsum dolor sit amet, consectetur adipiscing elit. Ut elit tellus, luctus nec ullamcorper mattis, pulvinar dapibus leo.\t\t\t\t\t\t\t\t<\/div>\n\t\t\t\t<\/div>\n\t\t\t\t<div class=\"elementor-element elementor-element-3cad25a elementor-widget elementor-widget-heading\" data-id=\"3cad25a\" data-element_type=\"widget\" data-e-type=\"widget\" data-widget_type=\"heading.default\">\n\t\t\t\t<div class=\"elementor-widget-container\">\n\t\t\t\t\t<h2 class=\"elementor-heading-title elementor-size-default\">Nuestros servicios de informes financieros incluyen:<\/h2>\t\t\t\t<\/div>\n\t\t\t\t<\/div>\n\t\t\t\t<div class=\"elementor-element elementor-element-69d257d elementor-icon-list--layout-traditional elementor-list-item-link-full_width elementor-invisible elementor-widget elementor-widget-icon-list\" data-id=\"69d257d\" data-element_type=\"widget\" data-e-type=\"widget\" data-settings=\"{&quot;_animation&quot;:&quot;zoomIn&quot;}\" data-widget_type=\"icon-list.default\">\n\t\t\t\t<div class=\"elementor-widget-container\">\n\t\t\t\t\t\t\t<ul class=\"elementor-icon-list-items\">\n\t\t\t\t\t\t\t<li class=\"elementor-icon-list-item\">\n\t\t\t\t\t\t\t\t\t\t\t<span class=\"elementor-icon-list-icon\">\n\t\t\t\t\t\t\t<i aria-hidden=\"true\" class=\"far fa-dot-circle\"><\/i>\t\t\t\t\t\t<\/span>\n\t\t\t\t\t\t\t\t\t\t<span class=\"elementor-icon-list-text\">Lorem ipsum dolor sit amet the old con ectetur<\/span>\n\t\t\t\t\t\t\t\t\t<\/li>\n\t\t\t\t\t\t\t\t<li class=\"elementor-icon-list-item\">\n\t\t\t\t\t\t\t\t\t\t\t<span class=\"elementor-icon-list-icon\">\n\t\t\t\t\t\t\t<i aria-hidden=\"true\" class=\"far fa-dot-circle\"><\/i>\t\t\t\t\t\t<\/span>\n\t\t\t\t\t\t\t\t\t\t<span class=\"elementor-icon-list-text\">Lorem ipsum dolor sit amet the old con ectetur<\/span>\n\t\t\t\t\t\t\t\t\t<\/li>\n\t\t\t\t\t\t\t\t<li class=\"elementor-icon-list-item\">\n\t\t\t\t\t\t\t\t\t\t\t<span class=\"elementor-icon-list-icon\">\n\t\t\t\t\t\t\t<i aria-hidden=\"true\" class=\"far fa-dot-circle\"><\/i>\t\t\t\t\t\t<\/span>\n\t\t\t\t\t\t\t\t\t\t<span class=\"elementor-icon-list-text\">Lorem ipsum dolor sit amet the old con ectetur<\/span>\n\t\t\t\t\t\t\t\t\t<\/li>\n\t\t\t\t\t\t\t\t<li class=\"elementor-icon-list-item\">\n\t\t\t\t\t\t\t\t\t\t\t<span class=\"elementor-icon-list-icon\">\n\t\t\t\t\t\t\t<i aria-hidden=\"true\" class=\"far fa-dot-circle\"><\/i>\t\t\t\t\t\t<\/span>\n\t\t\t\t\t\t\t\t\t\t<span class=\"elementor-icon-list-text\">Lorem ipsum dolor sit amet the old con ectetur<\/span>\n\t\t\t\t\t\t\t\t\t<\/li>\n\t\t\t\t\t\t\t\t<li class=\"elementor-icon-list-item\">\n\t\t\t\t\t\t\t\t\t\t\t<span class=\"elementor-icon-list-icon\">\n\t\t\t\t\t\t\t<i aria-hidden=\"true\" class=\"far fa-dot-circle\"><\/i>\t\t\t\t\t\t<\/span>\n\t\t\t\t\t\t\t\t\t\t<span class=\"elementor-icon-list-text\">Lorem ipsum dolor sit amet the old con ectetur<\/span>\n\t\t\t\t\t\t\t\t\t<\/li>\n\t\t\t\t\t\t\t\t<li class=\"elementor-icon-list-item\">\n\t\t\t\t\t\t\t\t\t\t\t<span class=\"elementor-icon-list-icon\">\n\t\t\t\t\t\t\t<i aria-hidden=\"true\" class=\"far fa-dot-circle\"><\/i>\t\t\t\t\t\t<\/span>\n\t\t\t\t\t\t\t\t\t\t<span class=\"elementor-icon-list-text\">Lorem ipsum dolor sit amet the old con ectetur<\/span>\n\t\t\t\t\t\t\t\t\t<\/li>\n\t\t\t\t\t\t<\/ul>\n\t\t\t\t\t\t<\/div>\n\t\t\t\t<\/div>\n\t\t\t\t<div class=\"elementor-element elementor-element-31dd74c elementor-widget elementor-widget-text-editor\" data-id=\"31dd74c\" data-element_type=\"widget\" data-e-type=\"widget\" data-widget_type=\"text-editor.default\">\n\t\t\t\t<div class=\"elementor-widget-container\">\n\t\t\t\t\t\t\t\t\tLorem ipsum dolor sit amet, consectetur adipiscing elit. Ut elit tellus, luctus nec ullamcorper mattis, pulvinar dapibus leo. Lorem ipsum dolor sit amet, consectetur adipiscing elit. Ut elit tellus, luctus nec ullamcorper mattis, pulvinar dapibus leo. Lorem ipsum dolor sit amet, consectetur adipiscing elit. Ut elit tellus, luctus nec ullamcorper mattis, pulvinar dapibus leo. Lorem ipsum dolor sit amet, consectetur adipiscing elit. Ut elit tellus, luctus nec ullamcorper mattis, pulvinar dapibus leo.\t\t\t\t\t\t\t\t<\/div>\n\t\t\t\t<\/div>\n\t\t\t\t<\/div>\n\t\t\t\t\t<\/div>\n\t\t\t\t<\/div>\n\t\t<div class=\"elementor-element elementor-element-b45af4a e-flex e-con-boxed e-con e-parent\" data-id=\"b45af4a\" data-element_type=\"container\" data-e-type=\"container\" data-settings=\"{&quot;background_background&quot;:&quot;classic&quot;}\">\n\t\t\t\t\t<div class=\"e-con-inner\">\n\t\t<div class=\"elementor-element elementor-element-7e676c6 e-flex e-con-boxed e-con e-child\" data-id=\"7e676c6\" data-element_type=\"container\" data-e-type=\"container\">\n\t\t\t\t\t<div class=\"e-con-inner\">\n\t\t\t\t<div class=\"elementor-element elementor-element-da8b602 elementor-widget elementor-widget-heading\" data-id=\"da8b602\" data-element_type=\"widget\" data-e-type=\"widget\" data-widget_type=\"heading.default\">\n\t\t\t\t<div class=\"elementor-widget-container\">\n\t\t\t\t\t<h4 class=\"elementor-heading-title elementor-size-default\">Agregue el texto de su encabezado aqu\u00ed<\/h4>\t\t\t\t<\/div>\n\t\t\t\t<\/div>\n\t\t\t\t<div class=\"elementor-element elementor-element-212feb0 elementor-widget elementor-widget-heading\" data-id=\"212feb0\" data-element_type=\"widget\" data-e-type=\"widget\" data-widget_type=\"heading.default\">\n\t\t\t\t<div class=\"elementor-widget-container\">\n\t\t\t\t\t<h2 class=\"elementor-heading-title elementor-size-default\">\u00daltima publicaci\u00f3n<\/h2>\t\t\t\t<\/div>\n\t\t\t\t<\/div>\n\t\t\t\t<div class=\"elementor-element elementor-element-5c3c5f4 elementor-grid-3 elementor-grid-tablet-2 elementor-grid-mobile-1 elementor-posts--thumbnail-top elementor-widget elementor-widget-posts\" data-id=\"5c3c5f4\" data-element_type=\"widget\" data-e-type=\"widget\" data-settings=\"{&quot;pagination_type&quot;:&quot;prev_next&quot;,&quot;classic_columns&quot;:&quot;3&quot;,&quot;classic_columns_tablet&quot;:&quot;2&quot;,&quot;classic_columns_mobile&quot;:&quot;1&quot;,&quot;classic_row_gap&quot;:{&quot;unit&quot;:&quot;px&quot;,&quot;size&quot;:35,&quot;sizes&quot;:[]},&quot;classic_row_gap_tablet&quot;:{&quot;unit&quot;:&quot;px&quot;,&quot;size&quot;:&quot;&quot;,&quot;sizes&quot;:[]},&quot;classic_row_gap_mobile&quot;:{&quot;unit&quot;:&quot;px&quot;,&quot;size&quot;:&quot;&quot;,&quot;sizes&quot;:[]}}\" data-widget_type=\"posts.classic\">\n\t\t\t\t<div class=\"elementor-widget-container\">\n\t\t\t\t\t\t\t<div class=\"elementor-posts-container elementor-posts elementor-posts--skin-classic elementor-grid\">\n\t\t\t\t<article class=\"elementor-post elementor-grid-item post-5940 post type-post status-publish format-standard has-post-thumbnail hentry category-case-studies-es\">\n\t\t\t\t<a class=\"elementor-post__thumbnail__link\" href=\"https:\/\/sinvea.viberdm.com\/global\/blog\/activando-su-viaje-hacia-la-sostenibilidad\/\" tabindex=\"-1\" >\n\t\t\t<div class=\"elementor-post__thumbnail\"><img decoding=\"async\" width=\"150\" height=\"150\" src=\"https:\/\/sinvea.viberdm.com\/global\/wp-content\/uploads\/2023\/07\/DALL\u00b7E-2023-03-26-15.37.29-make-a-video-of-rooter-draining-before-and-after-cleaning-1-8-80x80-1.jpg\" class=\"attachment-medium size-medium wp-image-9\" alt=\"\" \/><\/div>\n\t\t<\/a>\n\t\t\t\t<div class=\"elementor-post__text\">\n\t\t\t\t<h3 class=\"elementor-post__title\">\n\t\t\t<a href=\"https:\/\/sinvea.viberdm.com\/global\/blog\/activando-su-viaje-hacia-la-sostenibilidad\/\" >\n\t\t\t\tActivando su viaje hacia la sostenibilidad\t\t\t<\/a>\n\t\t<\/h3>\n\t\t\t\t<div class=\"elementor-post__meta-data\">\n\t\t\t\t\t<span class=\"elementor-post-date\">\n\t\t\tNovember 2, 2023\t\t<\/span>\n\t\t\t\t<\/div>\n\t\t\n\t\t<a class=\"elementor-post__read-more\" href=\"https:\/\/sinvea.viberdm.com\/global\/blog\/activando-su-viaje-hacia-la-sostenibilidad\/\" aria-label=\"Read more about Activando su viaje hacia la sostenibilidad\" tabindex=\"-1\" >\n\t\t\tLeer m\u00e1s \u00bb\t\t<\/a>\n\n\t\t\t\t<\/div>\n\t\t\t\t<\/article>\n\t\t\t\t<article class=\"elementor-post elementor-grid-item post-5900 post type-post status-publish format-standard has-post-thumbnail hentry category-case-studies-es\">\n\t\t\t\t<a class=\"elementor-post__thumbnail__link\" href=\"https:\/\/sinvea.viberdm.com\/global\/blog\/el-viaje-hacia-la-victoria-es-lo-mas-importante\/\" tabindex=\"-1\" >\n\t\t\t<div class=\"elementor-post__thumbnail\"><img fetchpriority=\"high\" decoding=\"async\" width=\"300\" height=\"286\" src=\"https:\/\/sinvea.viberdm.com\/global\/wp-content\/uploads\/2023\/10\/post-8-300x286.png\" class=\"attachment-medium size-medium wp-image-1718\" alt=\"\" srcset=\"https:\/\/sinvea.viberdm.com\/global\/wp-content\/uploads\/2023\/10\/post-8-300x286.png 300w, https:\/\/sinvea.viberdm.com\/global\/wp-content\/uploads\/2023\/10\/post-8.png 730w\" sizes=\"(max-width: 300px) 100vw, 300px\" \/><\/div>\n\t\t<\/a>\n\t\t\t\t<div class=\"elementor-post__text\">\n\t\t\t\t<h3 class=\"elementor-post__title\">\n\t\t\t<a href=\"https:\/\/sinvea.viberdm.com\/global\/blog\/el-viaje-hacia-la-victoria-es-lo-mas-importante\/\" >\n\t\t\t\tEl Viaje Hacia La Victoria con Finanzas Corporativas\t\t\t<\/a>\n\t\t<\/h3>\n\t\t\t\t<div class=\"elementor-post__meta-data\">\n\t\t\t\t\t<span class=\"elementor-post-date\">\n\t\t\tNovember 2, 2023\t\t<\/span>\n\t\t\t\t<\/div>\n\t\t\n\t\t<a class=\"elementor-post__read-more\" href=\"https:\/\/sinvea.viberdm.com\/global\/blog\/el-viaje-hacia-la-victoria-es-lo-mas-importante\/\" aria-label=\"Read more about El Viaje Hacia La Victoria con Finanzas Corporativas\" tabindex=\"-1\" >\n\t\t\tLeer m\u00e1s \u00bb\t\t<\/a>\n\n\t\t\t\t<\/div>\n\t\t\t\t<\/article>\n\t\t\t\t<article class=\"elementor-post elementor-grid-item post-5214 post type-post status-publish format-standard has-post-thumbnail hentry category-case-studies-es\">\n\t\t\t\t<a class=\"elementor-post__thumbnail__link\" href=\"https:\/\/sinvea.viberdm.com\/global\/blog\/como-puede-ayudar-sinvea\/\" tabindex=\"-1\" >\n\t\t\t<div class=\"elementor-post__thumbnail\"><img decoding=\"async\" width=\"300\" height=\"286\" src=\"https:\/\/sinvea.viberdm.com\/global\/wp-content\/uploads\/2019\/10\/post-7-300x286.png\" class=\"attachment-medium size-medium wp-image-78\" alt=\"\" srcset=\"https:\/\/sinvea.viberdm.com\/global\/wp-content\/uploads\/2019\/10\/post-7-300x286.png 300w, https:\/\/sinvea.viberdm.com\/global\/wp-content\/uploads\/2019\/10\/post-7.png 730w\" sizes=\"(max-width: 300px) 100vw, 300px\" \/><\/div>\n\t\t<\/a>\n\t\t\t\t<div class=\"elementor-post__text\">\n\t\t\t\t<h3 class=\"elementor-post__title\">\n\t\t\t<a href=\"https:\/\/sinvea.viberdm.com\/global\/blog\/como-puede-ayudar-sinvea\/\" >\n\t\t\t\tC\u00f3mo puede ayudar sinvea\t\t\t<\/a>\n\t\t<\/h3>\n\t\t\t\t<div class=\"elementor-post__meta-data\">\n\t\t\t\t\t<span class=\"elementor-post-date\">\n\t\t\tOctober 29, 2023\t\t<\/span>\n\t\t\t\t<\/div>\n\t\t\n\t\t<a class=\"elementor-post__read-more\" href=\"https:\/\/sinvea.viberdm.com\/global\/blog\/como-puede-ayudar-sinvea\/\" aria-label=\"Read more about C\u00f3mo puede ayudar sinvea\" tabindex=\"-1\" >\n\t\t\tLeer m\u00e1s \u00bb\t\t<\/a>\n\n\t\t\t\t<\/div>\n\t\t\t\t<\/article>\n\t\t\t\t<\/div>\n\t\t\n\t\t\t\t<div class=\"e-load-more-anchor\" data-page=\"1\" data-max-page=\"11\" data-next-page=\"https:\/\/sinvea.viberdm.com\/global\/wp-json\/wp\/v2\/pages\/5073\/page\/2\/\"><\/div>\n\t\t\t\t<nav class=\"elementor-pagination\" aria-label=\"Pagination\">\n\t\t\t<span class=\"page-numbers prev\">&laquo; Anterior<\/span>\n<a class=\"page-numbers next\" href=\"https:\/\/sinvea.viberdm.com\/global\/wp-json\/wp\/v2\/pages\/5073\/page\/2\/\">Siguiente &raquo;<\/a>\t\t<\/nav>\n\t\t\t\t\t\t<\/div>\n\t\t\t\t<\/div>\n\t\t\t\t\t<\/div>\n\t\t\t\t<\/div>\n\t\t\t\t\t<\/div>\n\t\t\t\t<\/div>\n\t\t<div class=\"elementor-element elementor-element-96e9c27 e-flex e-con-boxed e-con e-parent\" data-id=\"96e9c27\" data-element_type=\"container\" data-e-type=\"container\">\n\t\t\t\t\t<div class=\"e-con-inner\">\n\t\t<div class=\"elementor-element elementor-element-20f6548 e-con-full e-flex e-con e-child\" data-id=\"20f6548\" data-element_type=\"container\" data-e-type=\"container\">\n\t\t\t\t<div class=\"elementor-element elementor-element-95ed564 elementor-widget elementor-widget-heading\" data-id=\"95ed564\" data-element_type=\"widget\" data-e-type=\"widget\" data-widget_type=\"heading.default\">\n\t\t\t\t<div class=\"elementor-widget-container\">\n\t\t\t\t\t<h4 class=\"elementor-heading-title elementor-size-default\">Aprenda todo sobre nuestras abogados<\/h4>\t\t\t\t<\/div>\n\t\t\t\t<\/div>\n\t\t\t\t<div class=\"elementor-element elementor-element-04edff6 elementor-widget elementor-widget-heading\" data-id=\"04edff6\" data-element_type=\"widget\" data-e-type=\"widget\" data-widget_type=\"heading.default\">\n\t\t\t\t<div class=\"elementor-widget-container\">\n\t\t\t\t\t<h2 class=\"elementor-heading-title elementor-size-default\">Conozca a los socios<\/h2>\t\t\t\t<\/div>\n\t\t\t\t<\/div>\n\t\t<div class=\"elementor-element elementor-element-44844ba e-con-full e-flex e-con e-child\" data-id=\"44844ba\" data-element_type=\"container\" data-e-type=\"container\">\n\t\t<div class=\"elementor-element elementor-element-af206bd e-con-full e-flex e-con e-child\" data-id=\"af206bd\" data-element_type=\"container\" data-e-type=\"container\">\n\t\t\t\t<\/div>\n\t\t<div class=\"elementor-element elementor-element-8194aed e-con-full e-flex e-con e-child\" data-id=\"8194aed\" data-element_type=\"container\" data-e-type=\"container\">\n\t\t\t\t<div class=\"elementor-element elementor-element-d18c1ff elementor-widget elementor-widget-testimonial\" data-id=\"d18c1ff\" data-element_type=\"widget\" data-e-type=\"widget\" data-widget_type=\"testimonial.default\">\n\t\t\t\t<div class=\"elementor-widget-container\">\n\t\t\t\t\t\t\t<div class=\"elementor-testimonial-wrapper\">\n\t\t\t\n\t\t\t\t\t\t<div class=\"elementor-testimonial-meta elementor-has-image elementor-testimonial-image-position-top\">\n\t\t\t\t<div class=\"elementor-testimonial-meta-inner\">\n\t\t\t\t\t\t\t\t\t\t\t<div class=\"elementor-testimonial-image\">\n\t\t\t\t\t\t\t<img loading=\"lazy\" decoding=\"async\" width=\"380\" height=\"450\" src=\"https:\/\/sinvea.viberdm.com\/global\/wp-content\/uploads\/2023\/10\/2.png\" class=\"attachment-full size-full wp-image-1712\" alt=\"\" srcset=\"https:\/\/sinvea.viberdm.com\/global\/wp-content\/uploads\/2023\/10\/2.png 380w, https:\/\/sinvea.viberdm.com\/global\/wp-content\/uploads\/2023\/10\/2-253x300.png 253w\" sizes=\"(max-width: 380px) 100vw, 380px\" \/>\t\t\t\t\t\t<\/div>\n\t\t\t\t\t\n\t\t\t\t\t\t\t\t\t\t<div class=\"elementor-testimonial-details\">\n\t\t\t\t\t\t\t\t\t\t\t\t\t\t<div class=\"elementor-testimonial-name\">Chas R. Walker<\/div>\n\t\t\t\t\t\t\t\t\t\t\t\t\t\t\t\t\t\t\t\t\t\t<div class=\"elementor-testimonial-job\">Centro de Excelencia en Impuestos Indirectos<\/div>\n\t\t\t\t\t\t\t\t\t\t\t\t\t<\/div>\n\t\t\t\t\t\t\t\t\t<\/div>\n\t\t\t<\/div>\n\t\t\t\t\t<\/div>\n\t\t\t\t\t\t<\/div>\n\t\t\t\t<\/div>\n\t\t\t\t<\/div>\n\t\t<div class=\"elementor-element elementor-element-0a5728b e-con-full e-flex e-con e-child\" data-id=\"0a5728b\" data-element_type=\"container\" data-e-type=\"container\">\n\t\t\t\t<\/div>\n\t\t\t\t<\/div>\n\t\t\t\t<div class=\"elementor-element elementor-element-aca22ae elementor-align-center elementor-widget elementor-widget-button\" data-id=\"aca22ae\" data-element_type=\"widget\" data-e-type=\"widget\" data-widget_type=\"button.default\">\n\t\t\t\t<div class=\"elementor-widget-container\">\n\t\t\t\t\t\t\t\t\t<div class=\"elementor-button-wrapper\">\n\t\t\t\t\t<a class=\"elementor-button elementor-button-link elementor-size-md\" href=\"https:\/\/sinvea.viberdm.com\/global\/equipo\/\">\n\t\t\t\t\t\t<span class=\"elementor-button-content-wrapper\">\n\t\t\t\t\t\t<span class=\"elementor-button-icon\">\n\t\t\t\t<i aria-hidden=\"true\" class=\"fas fa-long-arrow-alt-right\"><\/i>\t\t\t<\/span>\n\t\t\t\t\t\t\t\t\t<span class=\"elementor-button-text\">Aprende m\u00e1s<\/span>\n\t\t\t\t\t<\/span>\n\t\t\t\t\t<\/a>\n\t\t\t\t<\/div>\n\t\t\t\t\t\t\t\t<\/div>\n\t\t\t\t<\/div>\n\t\t\t\t<\/div>\n\t\t\t\t\t<\/div>\n\t\t\t\t<\/div>\n\t\t\t\t<\/div>\n\t\t","protected":false},"excerpt":{"rendered":"<p>Informes financieros \u00bfC\u00f3mo puede mantenerse al d\u00eda con los complejos requisitos de presentaci\u00f3n de informes? Lorem ipsum dolor sit amet, consectetur adipiscing elit. Ut elit<\/p>\n","protected":false},"author":2,"featured_media":0,"parent":0,"menu_order":0,"comment_status":"closed","ping_status":"closed","template":"elementor_header_footer","meta":{"footnotes":""},"class_list":["post-5073","page","type-page","status-publish","hentry"],"yoast_head":"<!-- This site is optimized with the Yoast SEO plugin v21.5 - https:\/\/yoast.com\/wordpress\/plugins\/seo\/ -->\n<title>Informes financieros - SINVEA<\/title>\n<meta name=\"robots\" content=\"noindex, follow, max-snippet:-1, max-image-preview:large, max-video-preview:-1\" \/>\n<meta property=\"og:locale\" content=\"en_US\" \/>\n<meta property=\"og:type\" content=\"article\" \/>\n<meta property=\"og:title\" content=\"Informes financieros - SINVEA\" \/>\n<meta property=\"og:description\" content=\"Informes financieros \u00bfC\u00f3mo puede mantenerse al d\u00eda con los complejos requisitos de presentaci\u00f3n de informes? Lorem ipsum dolor sit amet, consectetur adipiscing elit. Ut elit\" \/>\n<meta property=\"og:url\" content=\"https:\/\/sinvea.viberdm.com\/global\/informes-financieros\/\" \/>\n<meta property=\"og:site_name\" content=\"SINVEA\" \/>\n<meta property=\"article:modified_time\" content=\"2023-11-01T11:11:06+00:00\" \/>\n<meta property=\"og:image\" content=\"https:\/\/sinvea.viberdm.com\/global\/wp-content\/uploads\/2023\/10\/2.png\" \/>\n<meta name=\"twitter:card\" content=\"summary_large_image\" \/>\n<meta name=\"twitter:label1\" content=\"Est. reading time\" \/>\n\t<meta name=\"twitter:data1\" content=\"1 minute\" \/>\n<script type=\"application\/ld+json\" class=\"yoast-schema-graph\">{\"@context\":\"https:\/\/schema.org\",\"@graph\":[{\"@type\":\"WebPage\",\"@id\":\"https:\/\/sinvea.viberdm.com\/global\/informes-financieros\/\",\"url\":\"https:\/\/sinvea.viberdm.com\/global\/informes-financieros\/\",\"name\":\"Informes financieros - SINVEA\",\"isPartOf\":{\"@id\":\"https:\/\/sinvea.viberdm.com\/global\/#website\"},\"datePublished\":\"2023-10-28T18:40:52+00:00\",\"dateModified\":\"2023-11-01T11:11:06+00:00\",\"breadcrumb\":{\"@id\":\"https:\/\/sinvea.viberdm.com\/global\/informes-financieros\/#breadcrumb\"},\"inLanguage\":\"en-US\",\"potentialAction\":[{\"@type\":\"ReadAction\",\"target\":[\"https:\/\/sinvea.viberdm.com\/global\/informes-financieros\/\"]}]},{\"@type\":\"BreadcrumbList\",\"@id\":\"https:\/\/sinvea.viberdm.com\/global\/informes-financieros\/#breadcrumb\",\"itemListElement\":[{\"@type\":\"ListItem\",\"position\":1,\"name\":\"Home\",\"item\":\"https:\/\/sinvea.viberdm.com\/global\/\"},{\"@type\":\"ListItem\",\"position\":2,\"name\":\"Informes financieros\"}]},{\"@type\":\"WebSite\",\"@id\":\"https:\/\/sinvea.viberdm.com\/global\/#website\",\"url\":\"https:\/\/sinvea.viberdm.com\/global\/\",\"name\":\"SINVEA\",\"description\":\"SINVEA International\",\"publisher\":{\"@id\":\"https:\/\/sinvea.viberdm.com\/global\/#organization\"},\"potentialAction\":[{\"@type\":\"SearchAction\",\"target\":{\"@type\":\"EntryPoint\",\"urlTemplate\":\"https:\/\/sinvea.viberdm.com\/global\/?s={search_term_string}\"},\"query-input\":\"required name=search_term_string\"}],\"inLanguage\":\"en-US\"},{\"@type\":\"Organization\",\"@id\":\"https:\/\/sinvea.viberdm.com\/global\/#organization\",\"name\":\"SINVEA\",\"url\":\"https:\/\/sinvea.viberdm.com\/global\/\",\"logo\":{\"@type\":\"ImageObject\",\"inLanguage\":\"en-US\",\"@id\":\"https:\/\/sinvea.viberdm.com\/global\/#\/schema\/logo\/image\/\",\"url\":\"https:\/\/sinvea.viberdm.com\/global\/wp-content\/uploads\/2023\/10\/s-logo.jpg\",\"contentUrl\":\"https:\/\/sinvea.viberdm.com\/global\/wp-content\/uploads\/2023\/10\/s-logo.jpg\",\"width\":301,\"height\":73,\"caption\":\"SINVEA\"},\"image\":{\"@id\":\"https:\/\/sinvea.viberdm.com\/global\/#\/schema\/logo\/image\/\"}}]}<\/script>\n<!-- \/ Yoast SEO plugin. -->","yoast_head_json":{"title":"Informes financieros - SINVEA","robots":{"index":"noindex","follow":"follow","max-snippet":"max-snippet:-1","max-image-preview":"max-image-preview:large","max-video-preview":"max-video-preview:-1"},"og_locale":"en_US","og_type":"article","og_title":"Informes financieros - SINVEA","og_description":"Informes financieros \u00bfC\u00f3mo puede mantenerse al d\u00eda con los complejos requisitos de presentaci\u00f3n de informes? Lorem ipsum dolor sit amet, consectetur adipiscing elit. Ut elit","og_url":"https:\/\/sinvea.viberdm.com\/global\/informes-financieros\/","og_site_name":"SINVEA","article_modified_time":"2023-11-01T11:11:06+00:00","og_image":[{"url":"https:\/\/sinvea.viberdm.com\/global\/wp-content\/uploads\/2023\/10\/2.png"}],"twitter_card":"summary_large_image","twitter_misc":{"Est. reading time":"1 minute"},"schema":{"@context":"https:\/\/schema.org","@graph":[{"@type":"WebPage","@id":"https:\/\/sinvea.viberdm.com\/global\/informes-financieros\/","url":"https:\/\/sinvea.viberdm.com\/global\/informes-financieros\/","name":"Informes financieros - SINVEA","isPartOf":{"@id":"https:\/\/sinvea.viberdm.com\/global\/#website"},"datePublished":"2023-10-28T18:40:52+00:00","dateModified":"2023-11-01T11:11:06+00:00","breadcrumb":{"@id":"https:\/\/sinvea.viberdm.com\/global\/informes-financieros\/#breadcrumb"},"inLanguage":"en-US","potentialAction":[{"@type":"ReadAction","target":["https:\/\/sinvea.viberdm.com\/global\/informes-financieros\/"]}]},{"@type":"BreadcrumbList","@id":"https:\/\/sinvea.viberdm.com\/global\/informes-financieros\/#breadcrumb","itemListElement":[{"@type":"ListItem","position":1,"name":"Home","item":"https:\/\/sinvea.viberdm.com\/global\/"},{"@type":"ListItem","position":2,"name":"Informes financieros"}]},{"@type":"WebSite","@id":"https:\/\/sinvea.viberdm.com\/global\/#website","url":"https:\/\/sinvea.viberdm.com\/global\/","name":"SINVEA","description":"SINVEA International","publisher":{"@id":"https:\/\/sinvea.viberdm.com\/global\/#organization"},"potentialAction":[{"@type":"SearchAction","target":{"@type":"EntryPoint","urlTemplate":"https:\/\/sinvea.viberdm.com\/global\/?s={search_term_string}"},"query-input":"required name=search_term_string"}],"inLanguage":"en-US"},{"@type":"Organization","@id":"https:\/\/sinvea.viberdm.com\/global\/#organization","name":"SINVEA","url":"https:\/\/sinvea.viberdm.com\/global\/","logo":{"@type":"ImageObject","inLanguage":"en-US","@id":"https:\/\/sinvea.viberdm.com\/global\/#\/schema\/logo\/image\/","url":"https:\/\/sinvea.viberdm.com\/global\/wp-content\/uploads\/2023\/10\/s-logo.jpg","contentUrl":"https:\/\/sinvea.viberdm.com\/global\/wp-content\/uploads\/2023\/10\/s-logo.jpg","width":301,"height":73,"caption":"SINVEA"},"image":{"@id":"https:\/\/sinvea.viberdm.com\/global\/#\/schema\/logo\/image\/"}}]}},"_links":{"self":[{"href":"https:\/\/sinvea.viberdm.com\/global\/wp-json\/wp\/v2\/pages\/5073","targetHints":{"allow":["GET"]}}],"collection":[{"href":"https:\/\/sinvea.viberdm.com\/global\/wp-json\/wp\/v2\/pages"}],"about":[{"href":"https:\/\/sinvea.viberdm.com\/global\/wp-json\/wp\/v2\/types\/page"}],"author":[{"embeddable":true,"href":"https:\/\/sinvea.viberdm.com\/global\/wp-json\/wp\/v2\/users\/2"}],"replies":[{"embeddable":true,"href":"https:\/\/sinvea.viberdm.com\/global\/wp-json\/wp\/v2\/comments?post=5073"}],"version-history":[{"count":7,"href":"https:\/\/sinvea.viberdm.com\/global\/wp-json\/wp\/v2\/pages\/5073\/revisions"}],"predecessor-version":[{"id":5887,"href":"https:\/\/sinvea.viberdm.com\/global\/wp-json\/wp\/v2\/pages\/5073\/revisions\/5887"}],"wp:attachment":[{"href":"https:\/\/sinvea.viberdm.com\/global\/wp-json\/wp\/v2\/media?parent=5073"}],"curies":[{"name":"wp","href":"https:\/\/api.w.org\/{rel}","templated":true}]}}