{"id":4755,"date":"2023-10-24T05:36:55","date_gmt":"2023-10-24T05:36:55","guid":{"rendered":"https:\/\/sinvea.viberdm.com\/global\/?page_id=4755"},"modified":"2023-11-01T10:23:48","modified_gmt":"2023-11-01T10:23:48","slug":"la-seguridad-cibernetica","status":"publish","type":"page","link":"https:\/\/sinvea.viberdm.com\/global\/la-seguridad-cibernetica\/","title":{"rendered":"La seguridad cibern\u00e9tica"},"content":{"rendered":"\t\t<div data-elementor-type=\"wp-page\" data-elementor-id=\"4755\" class=\"elementor elementor-4755\" data-elementor-post-type=\"page\">\n\t\t\t\t\t\t<section class=\"elementor-section elementor-top-section elementor-element elementor-element-bcf5df0 elementor-section-height-min-height elementor-section-boxed elementor-section-height-default elementor-section-items-middle\" data-id=\"bcf5df0\" data-element_type=\"section\" data-e-type=\"section\" data-settings=\"{&quot;background_background&quot;:&quot;classic&quot;}\">\n\t\t\t\t\t\t<div class=\"elementor-container elementor-column-gap-default\">\n\t\t\t\t\t<div class=\"elementor-column elementor-col-100 elementor-top-column elementor-element elementor-element-f8f4f07\" data-id=\"f8f4f07\" data-element_type=\"column\" data-e-type=\"column\">\n\t\t\t<div class=\"elementor-widget-wrap elementor-element-populated\">\n\t\t\t\t\t\t<div class=\"elementor-element elementor-element-6d2d645 elementor-widget elementor-widget-heading\" data-id=\"6d2d645\" data-element_type=\"widget\" data-e-type=\"widget\" data-widget_type=\"heading.default\">\n\t\t\t\t<div class=\"elementor-widget-container\">\n\t\t\t\t\t<h1 class=\"elementor-heading-title elementor-size-default\">La seguridad cibern\u00e9tica<\/h1>\t\t\t\t<\/div>\n\t\t\t\t<\/div>\n\t\t\t\t\t<\/div>\n\t\t<\/div>\n\t\t\t\t\t<\/div>\n\t\t<\/section>\n\t\t<div class=\"elementor-element elementor-element-3de1c9e e-flex e-con-boxed e-con e-parent\" data-id=\"3de1c9e\" data-element_type=\"container\" data-e-type=\"container\">\n\t\t\t\t\t<div class=\"e-con-inner\">\n\t\t<div class=\"elementor-element elementor-element-559cff9 e-con-full e-flex e-con e-child\" data-id=\"559cff9\" data-element_type=\"container\" data-e-type=\"container\">\n\t\t\t\t<div class=\"elementor-element elementor-element-7425a64 elementor-widget elementor-widget-heading\" data-id=\"7425a64\" data-element_type=\"widget\" data-e-type=\"widget\" data-widget_type=\"heading.default\">\n\t\t\t\t<div class=\"elementor-widget-container\">\n\t\t\t\t\t<h2 class=\"elementor-heading-title elementor-size-default\">La seguridad cibern\u00e9tica<\/h2>\t\t\t\t<\/div>\n\t\t\t\t<\/div>\n\t\t\t\t<div class=\"elementor-element elementor-element-215892b elementor-widget elementor-widget-heading\" data-id=\"215892b\" data-element_type=\"widget\" data-e-type=\"widget\" data-widget_type=\"heading.default\">\n\t\t\t\t<div class=\"elementor-widget-container\">\n\t\t\t\t\t<h2 class=\"elementor-heading-title elementor-size-default\">pr\u00e1ctica global de ciberseguridad de sinvea<\/h2>\t\t\t\t<\/div>\n\t\t\t\t<\/div>\n\t\t\t\t<div class=\"elementor-element elementor-element-862a9b1 elementor-widget elementor-widget-text-editor\" data-id=\"862a9b1\" data-element_type=\"widget\" data-e-type=\"widget\" data-widget_type=\"text-editor.default\">\n\t\t\t\t<div class=\"elementor-widget-container\">\n\t\t\t\t\t\t\t\t\tLorem ipsum dolor sit amet, consectetur adipiscing elit. Ut elit tellus, luctus nec ullamcorper mattis, pulvinar dapibus leo. Lorem ipsum dolor sit amet, consectetur adipiscing elit. Ut elit tellus, luctus nec ullamcorper mattis, pulvinar dapibus leo.  Lorem ipsum dolor sit amet, consectetur adipiscing elit. Ut elit tellus, luctus nec ullamcorper mattis, pulvinar dapibus leo. \t\t\t\t\t\t\t\t<\/div>\n\t\t\t\t<\/div>\n\t\t\t\t<\/div>\n\t\t\t\t\t<\/div>\n\t\t\t\t<\/div>\n\t\t<div class=\"elementor-element elementor-element-c79c93d e-flex e-con-boxed e-con e-parent\" data-id=\"c79c93d\" data-element_type=\"container\" data-e-type=\"container\" data-settings=\"{&quot;background_background&quot;:&quot;classic&quot;}\">\n\t\t\t\t\t<div class=\"e-con-inner\">\n\t\t<div class=\"elementor-element elementor-element-9cd2ed0 e-flex e-con-boxed e-con e-child\" data-id=\"9cd2ed0\" data-element_type=\"container\" data-e-type=\"container\">\n\t\t\t\t\t<div class=\"e-con-inner\">\n\t\t\t\t<div class=\"elementor-element elementor-element-bedf7dc elementor-widget elementor-widget-heading\" data-id=\"bedf7dc\" data-element_type=\"widget\" data-e-type=\"widget\" data-widget_type=\"heading.default\">\n\t\t\t\t<div class=\"elementor-widget-container\">\n\t\t\t\t\t<h4 class=\"elementor-heading-title elementor-size-default\">Agregue el texto de su encabezado aqu\u00ed<\/h4>\t\t\t\t<\/div>\n\t\t\t\t<\/div>\n\t\t\t\t<div class=\"elementor-element elementor-element-40feccc elementor-widget elementor-widget-heading\" data-id=\"40feccc\" data-element_type=\"widget\" data-e-type=\"widget\" data-widget_type=\"heading.default\">\n\t\t\t\t<div class=\"elementor-widget-container\">\n\t\t\t\t\t<h2 class=\"elementor-heading-title elementor-size-default\">\u00daltima publicaci\u00f3n<\/h2>\t\t\t\t<\/div>\n\t\t\t\t<\/div>\n\t\t\t\t<div class=\"elementor-element elementor-element-2c7e77a elementor-grid-3 elementor-grid-tablet-2 elementor-grid-mobile-1 elementor-posts--thumbnail-top elementor-widget elementor-widget-posts\" data-id=\"2c7e77a\" data-element_type=\"widget\" data-e-type=\"widget\" data-settings=\"{&quot;pagination_type&quot;:&quot;prev_next&quot;,&quot;classic_columns&quot;:&quot;3&quot;,&quot;classic_columns_tablet&quot;:&quot;2&quot;,&quot;classic_columns_mobile&quot;:&quot;1&quot;,&quot;classic_row_gap&quot;:{&quot;unit&quot;:&quot;px&quot;,&quot;size&quot;:35,&quot;sizes&quot;:[]},&quot;classic_row_gap_tablet&quot;:{&quot;unit&quot;:&quot;px&quot;,&quot;size&quot;:&quot;&quot;,&quot;sizes&quot;:[]},&quot;classic_row_gap_mobile&quot;:{&quot;unit&quot;:&quot;px&quot;,&quot;size&quot;:&quot;&quot;,&quot;sizes&quot;:[]}}\" data-widget_type=\"posts.classic\">\n\t\t\t\t<div class=\"elementor-widget-container\">\n\t\t\t\t\t\t\t<div class=\"elementor-posts-container elementor-posts elementor-posts--skin-classic elementor-grid\">\n\t\t\t\t<article class=\"elementor-post elementor-grid-item post-5940 post type-post status-publish format-standard has-post-thumbnail hentry category-case-studies-es\">\n\t\t\t\t<a class=\"elementor-post__thumbnail__link\" href=\"https:\/\/sinvea.viberdm.com\/global\/blog\/activando-su-viaje-hacia-la-sostenibilidad\/\" tabindex=\"-1\" >\n\t\t\t<div class=\"elementor-post__thumbnail\"><img decoding=\"async\" width=\"150\" height=\"150\" src=\"https:\/\/sinvea.viberdm.com\/global\/wp-content\/uploads\/2023\/07\/DALL\u00b7E-2023-03-26-15.37.29-make-a-video-of-rooter-draining-before-and-after-cleaning-1-8-80x80-1.jpg\" class=\"attachment-medium size-medium wp-image-9\" alt=\"\" \/><\/div>\n\t\t<\/a>\n\t\t\t\t<div class=\"elementor-post__text\">\n\t\t\t\t<h3 class=\"elementor-post__title\">\n\t\t\t<a href=\"https:\/\/sinvea.viberdm.com\/global\/blog\/activando-su-viaje-hacia-la-sostenibilidad\/\" >\n\t\t\t\tActivando su viaje hacia la sostenibilidad\t\t\t<\/a>\n\t\t<\/h3>\n\t\t\t\t<div class=\"elementor-post__meta-data\">\n\t\t\t\t\t<span class=\"elementor-post-date\">\n\t\t\tNovember 2, 2023\t\t<\/span>\n\t\t\t\t<\/div>\n\t\t\n\t\t<a class=\"elementor-post__read-more\" href=\"https:\/\/sinvea.viberdm.com\/global\/blog\/activando-su-viaje-hacia-la-sostenibilidad\/\" aria-label=\"Read more about Activando su viaje hacia la sostenibilidad\" tabindex=\"-1\" >\n\t\t\tLeer m\u00e1s \u00bb\t\t<\/a>\n\n\t\t\t\t<\/div>\n\t\t\t\t<\/article>\n\t\t\t\t<article class=\"elementor-post elementor-grid-item post-5900 post type-post status-publish format-standard has-post-thumbnail hentry category-case-studies-es\">\n\t\t\t\t<a class=\"elementor-post__thumbnail__link\" href=\"https:\/\/sinvea.viberdm.com\/global\/blog\/el-viaje-hacia-la-victoria-es-lo-mas-importante\/\" tabindex=\"-1\" >\n\t\t\t<div class=\"elementor-post__thumbnail\"><img fetchpriority=\"high\" decoding=\"async\" width=\"300\" height=\"286\" src=\"https:\/\/sinvea.viberdm.com\/global\/wp-content\/uploads\/2023\/10\/post-8-300x286.png\" class=\"attachment-medium size-medium wp-image-1718\" alt=\"\" srcset=\"https:\/\/sinvea.viberdm.com\/global\/wp-content\/uploads\/2023\/10\/post-8-300x286.png 300w, https:\/\/sinvea.viberdm.com\/global\/wp-content\/uploads\/2023\/10\/post-8.png 730w\" sizes=\"(max-width: 300px) 100vw, 300px\" \/><\/div>\n\t\t<\/a>\n\t\t\t\t<div class=\"elementor-post__text\">\n\t\t\t\t<h3 class=\"elementor-post__title\">\n\t\t\t<a href=\"https:\/\/sinvea.viberdm.com\/global\/blog\/el-viaje-hacia-la-victoria-es-lo-mas-importante\/\" >\n\t\t\t\tEl Viaje Hacia La Victoria con Finanzas Corporativas\t\t\t<\/a>\n\t\t<\/h3>\n\t\t\t\t<div class=\"elementor-post__meta-data\">\n\t\t\t\t\t<span class=\"elementor-post-date\">\n\t\t\tNovember 2, 2023\t\t<\/span>\n\t\t\t\t<\/div>\n\t\t\n\t\t<a class=\"elementor-post__read-more\" href=\"https:\/\/sinvea.viberdm.com\/global\/blog\/el-viaje-hacia-la-victoria-es-lo-mas-importante\/\" aria-label=\"Read more about El Viaje Hacia La Victoria con Finanzas Corporativas\" tabindex=\"-1\" >\n\t\t\tLeer m\u00e1s \u00bb\t\t<\/a>\n\n\t\t\t\t<\/div>\n\t\t\t\t<\/article>\n\t\t\t\t<article class=\"elementor-post elementor-grid-item post-5214 post type-post status-publish format-standard has-post-thumbnail hentry category-case-studies-es\">\n\t\t\t\t<a class=\"elementor-post__thumbnail__link\" href=\"https:\/\/sinvea.viberdm.com\/global\/blog\/como-puede-ayudar-sinvea\/\" tabindex=\"-1\" >\n\t\t\t<div class=\"elementor-post__thumbnail\"><img decoding=\"async\" width=\"300\" height=\"286\" src=\"https:\/\/sinvea.viberdm.com\/global\/wp-content\/uploads\/2019\/10\/post-7-300x286.png\" class=\"attachment-medium size-medium wp-image-78\" alt=\"\" srcset=\"https:\/\/sinvea.viberdm.com\/global\/wp-content\/uploads\/2019\/10\/post-7-300x286.png 300w, https:\/\/sinvea.viberdm.com\/global\/wp-content\/uploads\/2019\/10\/post-7.png 730w\" sizes=\"(max-width: 300px) 100vw, 300px\" \/><\/div>\n\t\t<\/a>\n\t\t\t\t<div class=\"elementor-post__text\">\n\t\t\t\t<h3 class=\"elementor-post__title\">\n\t\t\t<a href=\"https:\/\/sinvea.viberdm.com\/global\/blog\/como-puede-ayudar-sinvea\/\" >\n\t\t\t\tC\u00f3mo puede ayudar sinvea\t\t\t<\/a>\n\t\t<\/h3>\n\t\t\t\t<div class=\"elementor-post__meta-data\">\n\t\t\t\t\t<span class=\"elementor-post-date\">\n\t\t\tOctober 29, 2023\t\t<\/span>\n\t\t\t\t<\/div>\n\t\t\n\t\t<a class=\"elementor-post__read-more\" href=\"https:\/\/sinvea.viberdm.com\/global\/blog\/como-puede-ayudar-sinvea\/\" aria-label=\"Read more about C\u00f3mo puede ayudar sinvea\" tabindex=\"-1\" >\n\t\t\tLeer m\u00e1s \u00bb\t\t<\/a>\n\n\t\t\t\t<\/div>\n\t\t\t\t<\/article>\n\t\t\t\t<\/div>\n\t\t\n\t\t\t\t<div class=\"e-load-more-anchor\" data-page=\"1\" data-max-page=\"11\" data-next-page=\"https:\/\/sinvea.viberdm.com\/global\/wp-json\/wp\/v2\/pages\/4755\/page\/2\/\"><\/div>\n\t\t\t\t<nav class=\"elementor-pagination\" aria-label=\"Pagination\">\n\t\t\t<span class=\"page-numbers prev\">&laquo; Anterior<\/span>\n<a class=\"page-numbers next\" href=\"https:\/\/sinvea.viberdm.com\/global\/wp-json\/wp\/v2\/pages\/4755\/page\/2\/\">Siguiente &raquo;<\/a>\t\t<\/nav>\n\t\t\t\t\t\t<\/div>\n\t\t\t\t<\/div>\n\t\t\t\t\t<\/div>\n\t\t\t\t<\/div>\n\t\t\t\t\t<\/div>\n\t\t\t\t<\/div>\n\t\t<div class=\"elementor-element elementor-element-5adf0a4 e-flex e-con-boxed e-con e-parent\" data-id=\"5adf0a4\" data-element_type=\"container\" data-e-type=\"container\">\n\t\t\t\t\t<div class=\"e-con-inner\">\n\t\t\t\t<div class=\"elementor-element elementor-element-4a7d6bd elementor-widget elementor-widget-heading\" data-id=\"4a7d6bd\" data-element_type=\"widget\" data-e-type=\"widget\" data-widget_type=\"heading.default\">\n\t\t\t\t<div class=\"elementor-widget-container\">\n\t\t\t\t\t<h2 class=\"elementor-heading-title elementor-size-default\">Agregue el texto de su encabezado aqu\u00ed<\/h2>\t\t\t\t<\/div>\n\t\t\t\t<\/div>\n\t\t\t\t<div class=\"elementor-element elementor-element-f2845ae elementor-widget elementor-widget-heading\" data-id=\"f2845ae\" data-element_type=\"widget\" data-e-type=\"widget\" data-widget_type=\"heading.default\">\n\t\t\t\t<div class=\"elementor-widget-container\">\n\t\t\t\t\t<h2 class=\"elementor-heading-title elementor-size-default\">Agregue el texto de su encabezado aqu\u00ed<\/h2>\t\t\t\t<\/div>\n\t\t\t\t<\/div>\n\t\t\t\t<div class=\"elementor-element elementor-element-517397d elementor-testimonial--layout-image_stacked elementor-testimonial--skin-default elementor-testimonial--align-center elementor-arrows-yes elementor-pagination-type-bullets elementor-widget elementor-widget-testimonial-carousel\" data-id=\"517397d\" data-element_type=\"widget\" data-e-type=\"widget\" data-settings=\"{&quot;show_arrows&quot;:&quot;yes&quot;,&quot;pagination&quot;:&quot;bullets&quot;,&quot;speed&quot;:500,&quot;autoplay&quot;:&quot;yes&quot;,&quot;autoplay_speed&quot;:5000,&quot;loop&quot;:&quot;yes&quot;,&quot;pause_on_hover&quot;:&quot;yes&quot;,&quot;pause_on_interaction&quot;:&quot;yes&quot;,&quot;space_between&quot;:{&quot;unit&quot;:&quot;px&quot;,&quot;size&quot;:10,&quot;sizes&quot;:[]},&quot;space_between_tablet&quot;:{&quot;unit&quot;:&quot;px&quot;,&quot;size&quot;:10,&quot;sizes&quot;:[]},&quot;space_between_mobile&quot;:{&quot;unit&quot;:&quot;px&quot;,&quot;size&quot;:10,&quot;sizes&quot;:[]}}\" data-widget_type=\"testimonial-carousel.default\">\n\t\t\t\t<div class=\"elementor-widget-container\">\n\t\t\t\t\t\t\t<div class=\"elementor-swiper\">\n\t\t\t<div class=\"elementor-main-swiper swiper-container\">\n\t\t\t\t<div class=\"swiper-wrapper\">\n\t\t\t\t\t\t\t\t\t\t\t<div class=\"swiper-slide\">\n\t\t\t\t\t\t\t\t\t<div class=\"elementor-testimonial\">\n\t\t\t\t\t\t<div class=\"elementor-testimonial__footer\">\n\t\t\t\t\t\t\t\t\t<div class=\"elementor-testimonial__image\">\n\t\t\t\t\t\t<img decoding=\"async\" src=\"https:\/\/sinvea.viberdm.com\/global\/wp-content\/uploads\/2023\/10\/post-4.png\" alt=\"brain lewis\">\n\t\t\t\t\t\t\t\t\t\t\t<\/div>\n\t\t\t\t\t\t\t\t<cite class=\"elementor-testimonial__cite\"><span class=\"elementor-testimonial__name\">brain lewis<\/span><span class=\"elementor-testimonial__title\">Socia fundadora<\/span><\/cite>\t\t\t<\/div>\n\t\t<\/div>\n\t\t\t\t\t\t\t\t<\/div>\n\t\t\t\t\t\t\t\t\t\t\t<div class=\"swiper-slide\">\n\t\t\t\t\t\t\t\t\t<div class=\"elementor-testimonial\">\n\t\t\t\t\t\t<div class=\"elementor-testimonial__footer\">\n\t\t\t\t\t\t\t\t\t<div class=\"elementor-testimonial__image\">\n\t\t\t\t\t\t<img decoding=\"async\" src=\"https:\/\/sinvea.viberdm.com\/global\/wp-content\/uploads\/2023\/10\/2.png\" alt=\"chas r. walker\">\n\t\t\t\t\t\t\t\t\t\t\t<\/div>\n\t\t\t\t\t\t\t\t<cite class=\"elementor-testimonial__cite\"><span class=\"elementor-testimonial__name\">chas r. walker<\/span><span class=\"elementor-testimonial__title\">CEO<\/span><\/cite>\t\t\t<\/div>\n\t\t<\/div>\n\t\t\t\t\t\t\t\t<\/div>\n\t\t\t\t\t\t\t\t\t\t\t<div class=\"swiper-slide\">\n\t\t\t\t\t\t\t\t\t<div class=\"elementor-testimonial\">\n\t\t\t\t\t\t<div class=\"elementor-testimonial__footer\">\n\t\t\t\t\t\t\t\t\t<div class=\"elementor-testimonial__image\">\n\t\t\t\t\t\t<img decoding=\"async\" src=\"https:\/\/sinvea.viberdm.com\/global\/wp-content\/uploads\/2023\/10\/3.png\" alt=\"christy mullen\">\n\t\t\t\t\t\t\t\t\t\t\t<\/div>\n\t\t\t\t\t\t\t\t<cite class=\"elementor-testimonial__cite\"><span class=\"elementor-testimonial__name\">christy mullen<\/span><span class=\"elementor-testimonial__title\">Pareja<\/span><\/cite>\t\t\t<\/div>\n\t\t<\/div>\n\t\t\t\t\t\t\t\t<\/div>\n\t\t\t\t\t\t\t\t\t<\/div>\n\t\t\t\t\t\t\t\t\t\t\t\t\t\t\t<div class=\"swiper-pagination\"><\/div>\n\t\t\t\t\t\t\t\t\t\t\t\t\t\t\t\t<div class=\"elementor-swiper-button elementor-swiper-button-prev\" role=\"button\" tabindex=\"0\">\n\t\t\t\t\t\t\t<i aria-hidden=\"true\" class=\"eicon-chevron-left\"><\/i>\t\t\t\t\t\t\t<span class=\"elementor-screen-only\">Previous<\/span>\n\t\t\t\t\t\t<\/div>\n\t\t\t\t\t\t<div class=\"elementor-swiper-button elementor-swiper-button-next\" role=\"button\" tabindex=\"0\">\n\t\t\t\t\t\t\t<i aria-hidden=\"true\" class=\"eicon-chevron-right\"><\/i>\t\t\t\t\t\t\t<span class=\"elementor-screen-only\">Next<\/span>\n\t\t\t\t\t\t<\/div>\n\t\t\t\t\t\t\t\t\t\t\t\t<\/div>\n\t\t<\/div>\n\t\t\t\t\t\t<\/div>\n\t\t\t\t<\/div>\n\t\t\t\t\t<\/div>\n\t\t\t\t<\/div>\n\t\t\t\t<\/div>\n\t\t","protected":false},"excerpt":{"rendered":"<p>La seguridad cibern\u00e9tica La seguridad cibern\u00e9tica pr\u00e1ctica global de ciberseguridad de sinvea Lorem ipsum dolor sit amet, consectetur adipiscing elit. Ut elit tellus, luctus nec<\/p>\n","protected":false},"author":2,"featured_media":0,"parent":0,"menu_order":0,"comment_status":"closed","ping_status":"closed","template":"elementor_header_footer","meta":{"footnotes":""},"class_list":["post-4755","page","type-page","status-publish","hentry"],"yoast_head":"<!-- This site is optimized with the Yoast SEO plugin v21.5 - https:\/\/yoast.com\/wordpress\/plugins\/seo\/ -->\n<title>La seguridad cibern\u00e9tica - SINVEA<\/title>\n<meta name=\"robots\" content=\"noindex, follow, max-snippet:-1, max-image-preview:large, max-video-preview:-1\" \/>\n<meta property=\"og:locale\" content=\"en_US\" \/>\n<meta property=\"og:type\" content=\"article\" \/>\n<meta property=\"og:title\" content=\"La seguridad cibern\u00e9tica - SINVEA\" \/>\n<meta property=\"og:description\" content=\"La seguridad cibern\u00e9tica La seguridad cibern\u00e9tica pr\u00e1ctica global de ciberseguridad de sinvea Lorem ipsum dolor sit amet, consectetur adipiscing elit. Ut elit tellus, luctus nec\" \/>\n<meta property=\"og:url\" content=\"https:\/\/sinvea.viberdm.com\/global\/la-seguridad-cibernetica\/\" \/>\n<meta property=\"og:site_name\" content=\"SINVEA\" \/>\n<meta property=\"article:modified_time\" content=\"2023-11-01T10:23:48+00:00\" \/>\n<meta property=\"og:image\" content=\"https:\/\/sinvea.viberdm.com\/global\/wp-content\/uploads\/2023\/10\/post-4.png\" \/>\n<meta name=\"twitter:card\" content=\"summary_large_image\" \/>\n<meta name=\"twitter:label1\" content=\"Est. reading time\" \/>\n\t<meta name=\"twitter:data1\" content=\"1 minute\" \/>\n<script type=\"application\/ld+json\" class=\"yoast-schema-graph\">{\"@context\":\"https:\/\/schema.org\",\"@graph\":[{\"@type\":\"WebPage\",\"@id\":\"https:\/\/sinvea.viberdm.com\/global\/la-seguridad-cibernetica\/\",\"url\":\"https:\/\/sinvea.viberdm.com\/global\/la-seguridad-cibernetica\/\",\"name\":\"La seguridad cibern\u00e9tica - SINVEA\",\"isPartOf\":{\"@id\":\"https:\/\/sinvea.viberdm.com\/global\/#website\"},\"datePublished\":\"2023-10-24T05:36:55+00:00\",\"dateModified\":\"2023-11-01T10:23:48+00:00\",\"breadcrumb\":{\"@id\":\"https:\/\/sinvea.viberdm.com\/global\/la-seguridad-cibernetica\/#breadcrumb\"},\"inLanguage\":\"en-US\",\"potentialAction\":[{\"@type\":\"ReadAction\",\"target\":[\"https:\/\/sinvea.viberdm.com\/global\/la-seguridad-cibernetica\/\"]}]},{\"@type\":\"BreadcrumbList\",\"@id\":\"https:\/\/sinvea.viberdm.com\/global\/la-seguridad-cibernetica\/#breadcrumb\",\"itemListElement\":[{\"@type\":\"ListItem\",\"position\":1,\"name\":\"Home\",\"item\":\"https:\/\/sinvea.viberdm.com\/global\/\"},{\"@type\":\"ListItem\",\"position\":2,\"name\":\"La seguridad cibern\u00e9tica\"}]},{\"@type\":\"WebSite\",\"@id\":\"https:\/\/sinvea.viberdm.com\/global\/#website\",\"url\":\"https:\/\/sinvea.viberdm.com\/global\/\",\"name\":\"SINVEA\",\"description\":\"SINVEA International\",\"publisher\":{\"@id\":\"https:\/\/sinvea.viberdm.com\/global\/#organization\"},\"potentialAction\":[{\"@type\":\"SearchAction\",\"target\":{\"@type\":\"EntryPoint\",\"urlTemplate\":\"https:\/\/sinvea.viberdm.com\/global\/?s={search_term_string}\"},\"query-input\":\"required name=search_term_string\"}],\"inLanguage\":\"en-US\"},{\"@type\":\"Organization\",\"@id\":\"https:\/\/sinvea.viberdm.com\/global\/#organization\",\"name\":\"SINVEA\",\"url\":\"https:\/\/sinvea.viberdm.com\/global\/\",\"logo\":{\"@type\":\"ImageObject\",\"inLanguage\":\"en-US\",\"@id\":\"https:\/\/sinvea.viberdm.com\/global\/#\/schema\/logo\/image\/\",\"url\":\"https:\/\/sinvea.viberdm.com\/global\/wp-content\/uploads\/2023\/10\/s-logo.jpg\",\"contentUrl\":\"https:\/\/sinvea.viberdm.com\/global\/wp-content\/uploads\/2023\/10\/s-logo.jpg\",\"width\":301,\"height\":73,\"caption\":\"SINVEA\"},\"image\":{\"@id\":\"https:\/\/sinvea.viberdm.com\/global\/#\/schema\/logo\/image\/\"}}]}<\/script>\n<!-- \/ Yoast SEO plugin. -->","yoast_head_json":{"title":"La seguridad cibern\u00e9tica - SINVEA","robots":{"index":"noindex","follow":"follow","max-snippet":"max-snippet:-1","max-image-preview":"max-image-preview:large","max-video-preview":"max-video-preview:-1"},"og_locale":"en_US","og_type":"article","og_title":"La seguridad cibern\u00e9tica - SINVEA","og_description":"La seguridad cibern\u00e9tica La seguridad cibern\u00e9tica pr\u00e1ctica global de ciberseguridad de sinvea Lorem ipsum dolor sit amet, consectetur adipiscing elit. Ut elit tellus, luctus nec","og_url":"https:\/\/sinvea.viberdm.com\/global\/la-seguridad-cibernetica\/","og_site_name":"SINVEA","article_modified_time":"2023-11-01T10:23:48+00:00","og_image":[{"url":"https:\/\/sinvea.viberdm.com\/global\/wp-content\/uploads\/2023\/10\/post-4.png"}],"twitter_card":"summary_large_image","twitter_misc":{"Est. reading time":"1 minute"},"schema":{"@context":"https:\/\/schema.org","@graph":[{"@type":"WebPage","@id":"https:\/\/sinvea.viberdm.com\/global\/la-seguridad-cibernetica\/","url":"https:\/\/sinvea.viberdm.com\/global\/la-seguridad-cibernetica\/","name":"La seguridad cibern\u00e9tica - SINVEA","isPartOf":{"@id":"https:\/\/sinvea.viberdm.com\/global\/#website"},"datePublished":"2023-10-24T05:36:55+00:00","dateModified":"2023-11-01T10:23:48+00:00","breadcrumb":{"@id":"https:\/\/sinvea.viberdm.com\/global\/la-seguridad-cibernetica\/#breadcrumb"},"inLanguage":"en-US","potentialAction":[{"@type":"ReadAction","target":["https:\/\/sinvea.viberdm.com\/global\/la-seguridad-cibernetica\/"]}]},{"@type":"BreadcrumbList","@id":"https:\/\/sinvea.viberdm.com\/global\/la-seguridad-cibernetica\/#breadcrumb","itemListElement":[{"@type":"ListItem","position":1,"name":"Home","item":"https:\/\/sinvea.viberdm.com\/global\/"},{"@type":"ListItem","position":2,"name":"La seguridad cibern\u00e9tica"}]},{"@type":"WebSite","@id":"https:\/\/sinvea.viberdm.com\/global\/#website","url":"https:\/\/sinvea.viberdm.com\/global\/","name":"SINVEA","description":"SINVEA International","publisher":{"@id":"https:\/\/sinvea.viberdm.com\/global\/#organization"},"potentialAction":[{"@type":"SearchAction","target":{"@type":"EntryPoint","urlTemplate":"https:\/\/sinvea.viberdm.com\/global\/?s={search_term_string}"},"query-input":"required name=search_term_string"}],"inLanguage":"en-US"},{"@type":"Organization","@id":"https:\/\/sinvea.viberdm.com\/global\/#organization","name":"SINVEA","url":"https:\/\/sinvea.viberdm.com\/global\/","logo":{"@type":"ImageObject","inLanguage":"en-US","@id":"https:\/\/sinvea.viberdm.com\/global\/#\/schema\/logo\/image\/","url":"https:\/\/sinvea.viberdm.com\/global\/wp-content\/uploads\/2023\/10\/s-logo.jpg","contentUrl":"https:\/\/sinvea.viberdm.com\/global\/wp-content\/uploads\/2023\/10\/s-logo.jpg","width":301,"height":73,"caption":"SINVEA"},"image":{"@id":"https:\/\/sinvea.viberdm.com\/global\/#\/schema\/logo\/image\/"}}]}},"_links":{"self":[{"href":"https:\/\/sinvea.viberdm.com\/global\/wp-json\/wp\/v2\/pages\/4755","targetHints":{"allow":["GET"]}}],"collection":[{"href":"https:\/\/sinvea.viberdm.com\/global\/wp-json\/wp\/v2\/pages"}],"about":[{"href":"https:\/\/sinvea.viberdm.com\/global\/wp-json\/wp\/v2\/types\/page"}],"author":[{"embeddable":true,"href":"https:\/\/sinvea.viberdm.com\/global\/wp-json\/wp\/v2\/users\/2"}],"replies":[{"embeddable":true,"href":"https:\/\/sinvea.viberdm.com\/global\/wp-json\/wp\/v2\/comments?post=4755"}],"version-history":[{"count":10,"href":"https:\/\/sinvea.viberdm.com\/global\/wp-json\/wp\/v2\/pages\/4755\/revisions"}],"predecessor-version":[{"id":5811,"href":"https:\/\/sinvea.viberdm.com\/global\/wp-json\/wp\/v2\/pages\/4755\/revisions\/5811"}],"wp:attachment":[{"href":"https:\/\/sinvea.viberdm.com\/global\/wp-json\/wp\/v2\/media?parent=4755"}],"curies":[{"name":"wp","href":"https:\/\/api.w.org\/{rel}","templated":true}]}}